{"id":1580,"date":"2026-02-11T09:03:09","date_gmt":"2026-02-11T12:03:09","guid":{"rendered":"https:\/\/fisicatumi.fica.unsl.edu.ar\/?page_id=1580"},"modified":"2026-02-27T13:00:12","modified_gmt":"2026-02-27T16:00:12","slug":"fb_intro","status":"publish","type":"page","link":"https:\/\/fisicatumi.fica.unsl.edu.ar\/index.php\/fb_intro\/","title":{"rendered":"FB_intro"},"content":{"rendered":"\t\t<div data-elementor-type=\"wp-page\" data-elementor-id=\"1580\" class=\"elementor elementor-1580\">\n\t\t\t\t\t\t<section class=\"elementor-section elementor-top-section elementor-element elementor-element-26b8950 elementor-section-height-min-height elementor-section-content-middle elementor-section-boxed elementor-section-height-default elementor-section-items-middle\" data-id=\"26b8950\" data-element_type=\"section\" data-e-type=\"section\">\n\t\t\t\t\t\t<div class=\"elementor-container elementor-column-gap-default\">\n\t\t\t\t\t<div class=\"elementor-column elementor-col-33 elementor-top-column elementor-element elementor-element-13e06a2\" data-id=\"13e06a2\" data-element_type=\"column\" data-e-type=\"column\">\n\t\t\t<div class=\"elementor-widget-wrap elementor-element-populated\">\n\t\t\t\t\t\t<div class=\"elementor-element elementor-element-364c786 elementor-widget elementor-widget-image\" data-id=\"364c786\" data-element_type=\"widget\" data-e-type=\"widget\" data-widget_type=\"image.default\">\n\t\t\t\t<div class=\"elementor-widget-container\">\n\t\t\t\t\t\t\t\t\t\t\t\t\t\t\t<img decoding=\"async\" src=\"https:\/\/fisicatumi.fica.unsl.edu.ar\/wp-content\/uploads\/2026\/02\/introduccion.gif\" title=\"introducci\u00f3n\" alt=\"introducci\u00f3n\" loading=\"lazy\" \/>\t\t\t\t\t\t\t\t\t\t\t\t\t\t\t<\/div>\n\t\t\t\t<\/div>\n\t\t\t\t\t<\/div>\n\t\t<\/div>\n\t\t\t\t<div class=\"elementor-column elementor-col-66 elementor-top-column elementor-element elementor-element-8ba6933\" data-id=\"8ba6933\" data-element_type=\"column\" data-e-type=\"column\">\n\t\t\t<div class=\"elementor-widget-wrap elementor-element-populated\">\n\t\t\t\t\t\t<div class=\"elementor-element elementor-element-b8a0993 elementor-widget elementor-widget-text-editor\" data-id=\"b8a0993\" data-element_type=\"widget\" data-e-type=\"widget\" data-widget_type=\"text-editor.default\">\n\t\t\t\t<div class=\"elementor-widget-container\">\n\t\t\t\t\t\t\t\t\t<p><span style=\"font-size: 20px; color: #000080;\"><strong>Introducci\u00f3n<\/strong><\/span><\/p>\t\t\t\t\t\t\t\t<\/div>\n\t\t\t\t<\/div>\n\t\t\t\t\t<\/div>\n\t\t<\/div>\n\t\t\t\t\t<\/div>\n\t\t<\/section>\n\t\t\t\t<section class=\"elementor-section elementor-top-section elementor-element elementor-element-c58fab0 elementor-section-full_width elementor-section-height-default elementor-section-height-default\" data-id=\"c58fab0\" data-element_type=\"section\" data-e-type=\"section\">\n\t\t\t\t\t\t<div class=\"elementor-container elementor-column-gap-default\">\n\t\t\t\t\t<div class=\"elementor-column elementor-col-66 elementor-top-column elementor-element elementor-element-65fd76b\" data-id=\"65fd76b\" data-element_type=\"column\" data-e-type=\"column\">\n\t\t\t<div class=\"elementor-widget-wrap elementor-element-populated\">\n\t\t\t\t\t\t<div class=\"elementor-element elementor-element-0deb2f2 elementor-widget__width-initial elementor-widget elementor-widget-text-editor\" data-id=\"0deb2f2\" data-element_type=\"widget\" data-e-type=\"widget\" data-widget_type=\"text-editor.default\">\n\t\t\t\t<div class=\"elementor-widget-container\">\n\t\t\t\t\t\t\t\t\t<p><span style=\"color: #000000;\">F\u00edsica B\u00e1sica, es un asignatura que corresponde al primer a\u00f1o en el programa anal\u00edtico de la carrera de T\u00e9cnico Universitario en Mantenimiento Industrial (<\/span><span style=\"color: #ff0000;\"><a style=\"color: #ff0000;\" href=\"https:\/\/www.fica.unsl.edu.ar\/index.php\/tecnicatura-universitaria-en-mantenimiento-industrial\/\">Plan de Estudio OCD\u00a001\/25<\/a><span style=\"color: #000000;\">)<\/span><\/span><\/p><p><span style=\"color: #000000;\">Es requisito indispensable para poder cursar la asignatura F\u00edsica B\u00e1sica, lo siguiente (Planes de Estudio 2005)<\/span><\/p><ul><li style=\"list-style-type: none;\"><ul><li><p><span style=\"color: #000000;\">Materia regularizada: <strong><span style=\"color: #ff0000;\">Matem\u00e1ticas<\/span><\/strong><\/span><\/p><\/li><\/ul><\/li><\/ul><ul><li style=\"list-style-type: none;\"><ul><li><p><span style=\"color: #000000;\">Materia aprobada: &#8212;<\/span><\/p><\/li><\/ul><\/li><\/ul><p><span style=\"color: #000000;\">No se permite el cursado de la asignatura en la forma de \u201cestudiante condicional\u201d<\/span><\/p>\t\t\t\t\t\t\t\t<\/div>\n\t\t\t\t<\/div>\n\t\t\t\t\t<\/div>\n\t\t<\/div>\n\t\t\t\t<div class=\"elementor-column elementor-col-33 elementor-top-column elementor-element elementor-element-ae4c8b2\" data-id=\"ae4c8b2\" data-element_type=\"column\" data-e-type=\"column\">\n\t\t\t<div class=\"elementor-widget-wrap\">\n\t\t\t\t\t\t\t<\/div>\n\t\t<\/div>\n\t\t\t\t\t<\/div>\n\t\t<\/section>\n\t\t\t\t<\/div>\n\t\t","protected":false},"excerpt":{"rendered":"<p>Introducci\u00f3n F\u00edsica B\u00e1sica, es un asignatura que corresponde al primer a\u00f1o en el programa anal\u00edtico de la carrera de T\u00e9cnico Universitario en Mantenimiento Industrial (Plan&hellip;<\/p>\n","protected":false},"author":7,"featured_media":0,"parent":0,"menu_order":0,"comment_status":"closed","ping_status":"closed","template":"","meta":{"_monsterinsights_skip_tracking":false,"_monsterinsights_sitenote_active":false,"_monsterinsights_sitenote_note":"","_monsterinsights_sitenote_category":0,"footnotes":""},"class_list":["post-1580","page","type-page","status-publish","hentry"],"yoast_head":"<!-- This site is optimized with the Yoast SEO plugin v27.0 - https:\/\/yoast.com\/product\/yoast-seo-wordpress\/ -->\n<title>FB_intro - F\u00edsica TUMI<\/title>\n<meta name=\"robots\" content=\"index, follow, max-snippet:-1, max-image-preview:large, max-video-preview:-1\" \/>\n<link rel=\"canonical\" href=\"https:\/\/fisicatumi.fica.unsl.edu.ar\/index.php\/fb_intro\/\" \/>\n<meta property=\"og:locale\" content=\"es_ES\" \/>\n<meta property=\"og:type\" content=\"article\" \/>\n<meta property=\"og:title\" content=\"FB_intro - F\u00edsica TUMI\" \/>\n<meta property=\"og:description\" content=\"Introducci\u00f3n F\u00edsica B\u00e1sica, es un asignatura que corresponde al primer a\u00f1o en el programa anal\u00edtico de la carrera de T\u00e9cnico Universitario en Mantenimiento Industrial (Plan&hellip;\" \/>\n<meta property=\"og:url\" content=\"https:\/\/fisicatumi.fica.unsl.edu.ar\/index.php\/fb_intro\/\" \/>\n<meta property=\"og:site_name\" content=\"F\u00edsica TUMI\" \/>\n<meta property=\"article:modified_time\" content=\"2026-02-27T16:00:12+00:00\" \/>\n<meta property=\"og:image\" content=\"https:\/\/fisicatumi.fica.unsl.edu.ar\/wp-content\/uploads\/2026\/02\/introduccion.gif\" \/>\n<meta name=\"twitter:card\" content=\"summary_large_image\" \/>\n<meta name=\"twitter:label1\" content=\"Tiempo de lectura\" \/>\n\t<meta name=\"twitter:data1\" content=\"1 minuto\" \/>\n<script type=\"application\/ld+json\" class=\"yoast-schema-graph\">{\"@context\":\"https:\/\/schema.org\",\"@graph\":[{\"@type\":\"WebPage\",\"@id\":\"https:\/\/fisicatumi.fica.unsl.edu.ar\/index.php\/fb_intro\/\",\"url\":\"https:\/\/fisicatumi.fica.unsl.edu.ar\/index.php\/fb_intro\/\",\"name\":\"FB_intro - F\u00edsica TUMI\",\"isPartOf\":{\"@id\":\"https:\/\/fisicatumi.fica.unsl.edu.ar\/#website\"},\"primaryImageOfPage\":{\"@id\":\"https:\/\/fisicatumi.fica.unsl.edu.ar\/index.php\/fb_intro\/#primaryimage\"},\"image\":{\"@id\":\"https:\/\/fisicatumi.fica.unsl.edu.ar\/index.php\/fb_intro\/#primaryimage\"},\"thumbnailUrl\":\"https:\/\/fisicatumi.fica.unsl.edu.ar\/wp-content\/uploads\/2026\/02\/introduccion.gif\",\"datePublished\":\"2026-02-11T12:03:09+00:00\",\"dateModified\":\"2026-02-27T16:00:12+00:00\",\"breadcrumb\":{\"@id\":\"https:\/\/fisicatumi.fica.unsl.edu.ar\/index.php\/fb_intro\/#breadcrumb\"},\"inLanguage\":\"es-AR\",\"potentialAction\":[{\"@type\":\"ReadAction\",\"target\":[\"https:\/\/fisicatumi.fica.unsl.edu.ar\/index.php\/fb_intro\/\"]}]},{\"@type\":\"ImageObject\",\"inLanguage\":\"es-AR\",\"@id\":\"https:\/\/fisicatumi.fica.unsl.edu.ar\/index.php\/fb_intro\/#primaryimage\",\"url\":\"https:\/\/fisicatumi.fica.unsl.edu.ar\/wp-content\/uploads\/2026\/02\/introduccion.gif\",\"contentUrl\":\"https:\/\/fisicatumi.fica.unsl.edu.ar\/wp-content\/uploads\/2026\/02\/introduccion.gif\",\"width\":640,\"height\":640},{\"@type\":\"BreadcrumbList\",\"@id\":\"https:\/\/fisicatumi.fica.unsl.edu.ar\/index.php\/fb_intro\/#breadcrumb\",\"itemListElement\":[{\"@type\":\"ListItem\",\"position\":1,\"name\":\"Inicio\",\"item\":\"https:\/\/fisicatumi.fica.unsl.edu.ar\/\"},{\"@type\":\"ListItem\",\"position\":2,\"name\":\"FB_intro\"}]},{\"@type\":\"WebSite\",\"@id\":\"https:\/\/fisicatumi.fica.unsl.edu.ar\/#website\",\"url\":\"https:\/\/fisicatumi.fica.unsl.edu.ar\/\",\"name\":\"F\u00edsica TUMI\",\"description\":\"FICA - UNSL\",\"publisher\":{\"@id\":\"https:\/\/fisicatumi.fica.unsl.edu.ar\/#organization\"},\"potentialAction\":[{\"@type\":\"SearchAction\",\"target\":{\"@type\":\"EntryPoint\",\"urlTemplate\":\"https:\/\/fisicatumi.fica.unsl.edu.ar\/?s={search_term_string}\"},\"query-input\":{\"@type\":\"PropertyValueSpecification\",\"valueRequired\":true,\"valueName\":\"search_term_string\"}}],\"inLanguage\":\"es-AR\"},{\"@type\":\"Organization\",\"@id\":\"https:\/\/fisicatumi.fica.unsl.edu.ar\/#organization\",\"name\":\"SAC- Secretar\u00eda General FICA\",\"url\":\"https:\/\/fisicatumi.fica.unsl.edu.ar\/\",\"logo\":{\"@type\":\"ImageObject\",\"inLanguage\":\"es-AR\",\"@id\":\"https:\/\/fisicatumi.fica.unsl.edu.ar\/#\/schema\/logo\/image\/\",\"url\":\"https:\/\/fisicatumi.fica.unsl.edu.ar\/wp-content\/uploads\/2021\/11\/SG-Logo.png\",\"contentUrl\":\"https:\/\/fisicatumi.fica.unsl.edu.ar\/wp-content\/uploads\/2021\/11\/SG-Logo.png\",\"width\":4483,\"height\":1231,\"caption\":\"SAC- Secretar\u00eda General FICA\"},\"image\":{\"@id\":\"https:\/\/fisicatumi.fica.unsl.edu.ar\/#\/schema\/logo\/image\/\"}}]}<\/script>\n<!-- \/ Yoast SEO plugin. -->","yoast_head_json":{"title":"FB_intro - F\u00edsica TUMI","robots":{"index":"index","follow":"follow","max-snippet":"max-snippet:-1","max-image-preview":"max-image-preview:large","max-video-preview":"max-video-preview:-1"},"canonical":"https:\/\/fisicatumi.fica.unsl.edu.ar\/index.php\/fb_intro\/","og_locale":"es_ES","og_type":"article","og_title":"FB_intro - F\u00edsica TUMI","og_description":"Introducci\u00f3n F\u00edsica B\u00e1sica, es un asignatura que corresponde al primer a\u00f1o en el programa anal\u00edtico de la carrera de T\u00e9cnico Universitario en Mantenimiento Industrial (Plan&hellip;","og_url":"https:\/\/fisicatumi.fica.unsl.edu.ar\/index.php\/fb_intro\/","og_site_name":"F\u00edsica TUMI","article_modified_time":"2026-02-27T16:00:12+00:00","og_image":[{"url":"https:\/\/fisicatumi.fica.unsl.edu.ar\/wp-content\/uploads\/2026\/02\/introduccion.gif","type":"","width":"","height":""}],"twitter_card":"summary_large_image","twitter_misc":{"Tiempo de lectura":"1 minuto"},"schema":{"@context":"https:\/\/schema.org","@graph":[{"@type":"WebPage","@id":"https:\/\/fisicatumi.fica.unsl.edu.ar\/index.php\/fb_intro\/","url":"https:\/\/fisicatumi.fica.unsl.edu.ar\/index.php\/fb_intro\/","name":"FB_intro - F\u00edsica TUMI","isPartOf":{"@id":"https:\/\/fisicatumi.fica.unsl.edu.ar\/#website"},"primaryImageOfPage":{"@id":"https:\/\/fisicatumi.fica.unsl.edu.ar\/index.php\/fb_intro\/#primaryimage"},"image":{"@id":"https:\/\/fisicatumi.fica.unsl.edu.ar\/index.php\/fb_intro\/#primaryimage"},"thumbnailUrl":"https:\/\/fisicatumi.fica.unsl.edu.ar\/wp-content\/uploads\/2026\/02\/introduccion.gif","datePublished":"2026-02-11T12:03:09+00:00","dateModified":"2026-02-27T16:00:12+00:00","breadcrumb":{"@id":"https:\/\/fisicatumi.fica.unsl.edu.ar\/index.php\/fb_intro\/#breadcrumb"},"inLanguage":"es-AR","potentialAction":[{"@type":"ReadAction","target":["https:\/\/fisicatumi.fica.unsl.edu.ar\/index.php\/fb_intro\/"]}]},{"@type":"ImageObject","inLanguage":"es-AR","@id":"https:\/\/fisicatumi.fica.unsl.edu.ar\/index.php\/fb_intro\/#primaryimage","url":"https:\/\/fisicatumi.fica.unsl.edu.ar\/wp-content\/uploads\/2026\/02\/introduccion.gif","contentUrl":"https:\/\/fisicatumi.fica.unsl.edu.ar\/wp-content\/uploads\/2026\/02\/introduccion.gif","width":640,"height":640},{"@type":"BreadcrumbList","@id":"https:\/\/fisicatumi.fica.unsl.edu.ar\/index.php\/fb_intro\/#breadcrumb","itemListElement":[{"@type":"ListItem","position":1,"name":"Inicio","item":"https:\/\/fisicatumi.fica.unsl.edu.ar\/"},{"@type":"ListItem","position":2,"name":"FB_intro"}]},{"@type":"WebSite","@id":"https:\/\/fisicatumi.fica.unsl.edu.ar\/#website","url":"https:\/\/fisicatumi.fica.unsl.edu.ar\/","name":"F\u00edsica TUMI","description":"FICA - UNSL","publisher":{"@id":"https:\/\/fisicatumi.fica.unsl.edu.ar\/#organization"},"potentialAction":[{"@type":"SearchAction","target":{"@type":"EntryPoint","urlTemplate":"https:\/\/fisicatumi.fica.unsl.edu.ar\/?s={search_term_string}"},"query-input":{"@type":"PropertyValueSpecification","valueRequired":true,"valueName":"search_term_string"}}],"inLanguage":"es-AR"},{"@type":"Organization","@id":"https:\/\/fisicatumi.fica.unsl.edu.ar\/#organization","name":"SAC- Secretar\u00eda General FICA","url":"https:\/\/fisicatumi.fica.unsl.edu.ar\/","logo":{"@type":"ImageObject","inLanguage":"es-AR","@id":"https:\/\/fisicatumi.fica.unsl.edu.ar\/#\/schema\/logo\/image\/","url":"https:\/\/fisicatumi.fica.unsl.edu.ar\/wp-content\/uploads\/2021\/11\/SG-Logo.png","contentUrl":"https:\/\/fisicatumi.fica.unsl.edu.ar\/wp-content\/uploads\/2021\/11\/SG-Logo.png","width":4483,"height":1231,"caption":"SAC- Secretar\u00eda General FICA"},"image":{"@id":"https:\/\/fisicatumi.fica.unsl.edu.ar\/#\/schema\/logo\/image\/"}}]}},"_links":{"self":[{"href":"https:\/\/fisicatumi.fica.unsl.edu.ar\/index.php\/wp-json\/wp\/v2\/pages\/1580","targetHints":{"allow":["GET"]}}],"collection":[{"href":"https:\/\/fisicatumi.fica.unsl.edu.ar\/index.php\/wp-json\/wp\/v2\/pages"}],"about":[{"href":"https:\/\/fisicatumi.fica.unsl.edu.ar\/index.php\/wp-json\/wp\/v2\/types\/page"}],"author":[{"embeddable":true,"href":"https:\/\/fisicatumi.fica.unsl.edu.ar\/index.php\/wp-json\/wp\/v2\/users\/7"}],"replies":[{"embeddable":true,"href":"https:\/\/fisicatumi.fica.unsl.edu.ar\/index.php\/wp-json\/wp\/v2\/comments?post=1580"}],"version-history":[{"count":44,"href":"https:\/\/fisicatumi.fica.unsl.edu.ar\/index.php\/wp-json\/wp\/v2\/pages\/1580\/revisions"}],"predecessor-version":[{"id":5303,"href":"https:\/\/fisicatumi.fica.unsl.edu.ar\/index.php\/wp-json\/wp\/v2\/pages\/1580\/revisions\/5303"}],"wp:attachment":[{"href":"https:\/\/fisicatumi.fica.unsl.edu.ar\/index.php\/wp-json\/wp\/v2\/media?parent=1580"}],"curies":[{"name":"wp","href":"https:\/\/api.w.org\/{rel}","templated":true}]}}