{"id":1687,"date":"2026-02-11T13:28:56","date_gmt":"2026-02-11T16:28:56","guid":{"rendered":"https:\/\/fisicatumi.fica.unsl.edu.ar\/?page_id=1687"},"modified":"2026-02-27T13:51:13","modified_gmt":"2026-02-27T16:51:13","slug":"fb_progr","status":"publish","type":"page","link":"https:\/\/fisicatumi.fica.unsl.edu.ar\/index.php\/fb_progr\/","title":{"rendered":"FB_progr"},"content":{"rendered":"\t\t<div data-elementor-type=\"wp-page\" data-elementor-id=\"1687\" class=\"elementor elementor-1687\">\n\t\t\t\t\t\t<section class=\"elementor-section elementor-top-section elementor-element elementor-element-05bd62e elementor-section-height-min-height elementor-section-boxed elementor-section-height-default elementor-section-items-middle\" data-id=\"05bd62e\" data-element_type=\"section\" data-e-type=\"section\">\n\t\t\t\t\t\t<div class=\"elementor-container elementor-column-gap-default\">\n\t\t\t\t\t<div class=\"elementor-column elementor-col-33 elementor-top-column elementor-element elementor-element-a78104e\" data-id=\"a78104e\" data-element_type=\"column\" data-e-type=\"column\">\n\t\t\t<div class=\"elementor-widget-wrap elementor-element-populated\">\n\t\t\t\t\t\t<div class=\"elementor-element elementor-element-5595075 elementor-widget elementor-widget-image\" data-id=\"5595075\" data-element_type=\"widget\" data-e-type=\"widget\" data-widget_type=\"image.default\">\n\t\t\t\t<div class=\"elementor-widget-container\">\n\t\t\t\t\t\t\t\t\t\t\t\t\t\t\t<img decoding=\"async\" src=\"https:\/\/fisicatumi.fica.unsl.edu.ar\/wp-content\/uploads\/2026\/02\/programa.gif\" title=\"programa\" alt=\"programa\" loading=\"lazy\" \/>\t\t\t\t\t\t\t\t\t\t\t\t\t\t\t<\/div>\n\t\t\t\t<\/div>\n\t\t\t\t\t<\/div>\n\t\t<\/div>\n\t\t\t\t<div class=\"elementor-column elementor-col-66 elementor-top-column elementor-element elementor-element-22a1150\" data-id=\"22a1150\" data-element_type=\"column\" data-e-type=\"column\">\n\t\t\t<div class=\"elementor-widget-wrap elementor-element-populated\">\n\t\t\t\t\t\t<div class=\"elementor-element elementor-element-63aa396 elementor-widget elementor-widget-text-editor\" data-id=\"63aa396\" data-element_type=\"widget\" data-e-type=\"widget\" data-widget_type=\"text-editor.default\">\n\t\t\t\t<div class=\"elementor-widget-container\">\n\t\t\t\t\t\t\t\t\t<p><span style=\"font-size: 20px; color: #000080;\"><strong>Programa<\/strong><\/span><\/p>\t\t\t\t\t\t\t\t<\/div>\n\t\t\t\t<\/div>\n\t\t\t\t\t<\/div>\n\t\t<\/div>\n\t\t\t\t\t<\/div>\n\t\t<\/section>\n\t\t\t\t<section class=\"elementor-section elementor-top-section elementor-element elementor-element-c58fab0 elementor-section-full_width elementor-section-height-default elementor-section-height-default\" data-id=\"c58fab0\" data-element_type=\"section\" data-e-type=\"section\">\n\t\t\t\t\t\t<div class=\"elementor-container elementor-column-gap-default\">\n\t\t\t\t\t<div class=\"elementor-column elementor-col-100 elementor-top-column elementor-element elementor-element-65fd76b\" data-id=\"65fd76b\" data-element_type=\"column\" data-e-type=\"column\">\n\t\t\t<div class=\"elementor-widget-wrap elementor-element-populated\">\n\t\t\t\t\t\t<div class=\"elementor-element elementor-element-0deb2f2 elementor-widget elementor-widget-text-editor\" data-id=\"0deb2f2\" data-element_type=\"widget\" data-e-type=\"widget\" data-widget_type=\"text-editor.default\">\n\t\t\t\t<div class=\"elementor-widget-container\">\n\t\t\t\t\t\t\t\t\t<p class=\"Estilo23\"><a href=\"https:\/\/fisicatumi.fica.unsl.edu.ar\/wp-content\/uploads\/2026\/02\/FB_programa_2025.pdf\"><span style=\"color: #ff0000;\">Descargar Programa Anal\u00edtico F\u00edsica B\u00e1sica &#8211; 2025<\/span><\/a><\/p><div class=\"Estilo23\"><p><span style=\"color: #000000;\">&#8211; <strong><span style=\"color: #000080;\">Magnitudes y errores<br \/><\/span><\/strong><\/span><span style=\"color: #000000;\">Se estudia la manera correcta de presentar un resultado obtenido por medici\u00f3n de una magnitud f\u00edsica y su fundamento.<\/span><\/p><p><span style=\"color: #000000;\"><strong>Unidad 0. Introducci\u00f3n a la F\u00edsica. Magnitudes y errores<\/strong>.<br \/><\/span><span style=\"color: #000000;\">0.1. Introducci\u00f3n a la F\u00edsica.<\/span><br \/><span style=\"color: #000000;\">0.2. Magnitudes f\u00edsicas. Magnitudes escalares y vectoriales<\/span><br \/><span style=\"color: #000000;\">0.3. Est\u00e1ndares de longitud, masa y tiempo.<\/span><br \/><span style=\"color: #000000;\">0.4. Errores.<\/span><br \/><span style=\"color: #000000;\">0.5. Vectores. Operaciones con vectores<\/span><\/p><\/div><p><span style=\"color: #000000;\">&#8211; <\/span><strong style=\"color: #000000;\"><span style=\"color: #000080;\">Equilibrio<br \/><\/span><\/strong><span style=\"color: #000000;\">Se estudian las condiciones de equilibrio est\u00e1tico de sistema de part\u00edculas y cuerpos sobre la base de acciones que act\u00faan sobre ellos.<\/span><\/p><div class=\"Estilo23\"><p><span style=\"color: #000000;\"><strong>Unidad 1. Equilibrio Est\u00e1tico<\/strong>.<br \/><\/span><span style=\"color: #000000;\">1.1. Concepto de Fuerza.<\/span><br \/><span style=\"color: #000000;\">1.2. Resultante de un sistema de fuerzas concurrentes.<\/span><br \/><span style=\"color: #000000;\">1.3. Equilibrio de una part\u00edcula. Primera condici\u00f3n de equilibrio de un cuerpo.<\/span><br \/><span style=\"color: #000000;\">1.4. Momento de una fuerza. Momento de varias fuerzas concurrentes. Composici\u00f3n de varias fuerzas concurrentes aplicada a un cuerpo r\u00edgido. Composici\u00f3n de fuerzas paralelas.<\/span><br \/><span style=\"color: #000000;\">1.5. Equilibrio de un cuerpo r\u00edgido: Segunda condici\u00f3n de equilibrio del cuerpo.<\/span><br \/><span style=\"color: #000000;\">1.6. M\u00e1quinas simples. Palanca (1\u00b0, 2\u00b0 y 3\u00b0 g\u00e9nero). Polea (simple, m\u00f3vil, aparejo). Plano inclinado.<\/span><br \/><span style=\"color: #000000;\">1.7. Unidades. Ejemplos y aplicaciones.<\/span><\/p><\/div><p><span style=\"color: #000000;\">&#8211; <\/span><strong style=\"color: #000000;\"><span style=\"color: #000080;\">Cinem\u00e1tica de la part\u00edcula<br \/><\/span><\/strong><span style=\"color: #000000;\">Se estudian las leyes del movimiento lineal y en el plano de la part\u00edcula sin tener en cuenta las causas que lo producen en el marco de un sistema de referencia.<\/span><\/p><div class=\"Estilo23\"><p><strong><span style=\"color: #000000;\">Unidad 2. Cinem\u00e1tica de la part\u00edcula. Movimiento en una dimensi\u00f3n.<br \/><\/span><\/strong><span style=\"color: #000000;\">2.1. Sistema de referencia. Trayectoria. Espacio. Posici\u00f3n y desplazamiento.<\/span><br \/><span style=\"color: #000000;\">2.2. Velocidad media e instant\u00e1nea. Rapidez.<\/span><br \/><span style=\"color: #000000;\">2.3. Movimiento rectil\u00edneo uniforme.<\/span><br \/><span style=\"color: #000000;\">2.4. Aceleraci\u00f3n media e instant\u00e1nea.<\/span><br \/><span style=\"color: #000000;\">2.5. Movimiento rectil\u00edneo uniformemente acelerado.<\/span><br \/><span style=\"color: #000000;\">2.6. Movimiento de ca\u00edda de los cuerpos en el vac\u00edo.<\/span><br \/><span style=\"color: #000000;\">2.7. Diagramas o gr\u00e1ficas del movimiento.<\/span><br \/><span style=\"color: #000000;\">2.8. Unidades. Ejemplos y aplicaciones.<\/span><\/p><\/div><p><span style=\"color: #000000;\">&#8211; <\/span><strong style=\"color: #000000;\"><span style=\"color: #000080;\">Din\u00e1mica<br \/><\/span><\/strong><span style=\"color: #000000;\">Se estudian las part\u00edculas en movimiento y las causas que lo producen.<\/span><\/p><div class=\"Estilo23\"><p><strong><span style=\"color: #000000;\">Unidad 3. Din\u00e1mica de la part\u00edcula.<br \/><\/span><\/strong><span style=\"color: #000000;\">3.1. Concepto de fuerza. Primera Ley de Newton. Principio de inercia.<\/span><br \/><span style=\"color: #000000;\">3.2. Segunda Ley de Newton. Peso y masa. Sistema de unidades. Sistema internacional.<\/span><br \/><span style=\"color: #000000;\">3.3. Tercera Ley de Newton. Principio de acci\u00f3n y reacci\u00f3n.<\/span><br \/><span style=\"color: #000000;\">3.4. Aplicaciones de las leyes de Newton al movimiento<\/span><br \/><span style=\"color: #000000;\">3.5. Fuerza de rozamiento. Coeficiente de rozamiento.<\/span><br \/><span style=\"color: #000000;\">3.6. Unidades. Ejemplos y aplicaciones.<\/span><\/p><p><strong><span style=\"color: #000000;\">Unidad 4. Movimiento circular uniforme.<br \/><\/span><\/strong><span style=\"color: #000000;\">4.1. Periodo y frecuencia.<\/span><br \/><span style=\"color: #000000;\">4.2. Velocidad angular y tangencial.<\/span><br \/><span style=\"color: #000000;\">4.2. Aceleraci\u00f3n centr\u00edpeta.<\/span><br \/><span style=\"color: #000000;\">4.3. Din\u00e1mica del movimiento circular uniforme. Aceleraci\u00f3n radial y tangencial. Fuerza centr\u00edpeta. Peralte.<\/span><br \/><span style=\"color: #000000;\">4.4. Unidades. Ejemplos y aplicaciones.<\/span><\/p><p><span style=\"color: #000000;\">&#8211; <strong><span style=\"color: #000080;\">Trabajo y energ\u00eda<br \/><\/span><\/strong><\/span><span style=\"color: #000000;\">Se estudia el concepto de trabajo y su relaci\u00f3n con la energ\u00eda, utilizando el modelo newtoniano. Se comienza a desarrollar una ley de conservaci\u00f3n de la energ\u00eda (en particular la energ\u00eda mec\u00e1nica).<\/span><\/p><p><strong><span style=\"color: #000000;\">Unidad 5. Trabajo y energ\u00eda.<br \/><\/span><\/strong><span style=\"color: #000000;\">5.1. Trabajo de una fuerza constante, definici\u00f3n.<\/span><br \/><span style=\"color: #000000;\">5.2. Trabajo de una fuerza variable.<\/span><br \/><span style=\"color: #000000;\">5.3. Energ\u00eda cin\u00e9tica. Teorema del Trabajo y la Energ\u00eda Cin\u00e9tica.<\/span><br \/><span style=\"color: #000000;\">5.4. Fuerzas conservativas y no conservativas.<\/span><br \/><span style=\"color: #000000;\">5.5. Energ\u00eda Potencial de un sistema.<\/span><br \/><span style=\"color: #000000;\">5.6. Conservaci\u00f3n de la Energ\u00eda Mec\u00e1nica. Principio de conservaci\u00f3n de la Energ\u00eda.<\/span><br \/><span style=\"color: #000000;\">5.7. Fuerzas conservativas y fuerzas no conservativas. Energ\u00eda potencial.<\/span><br \/><span style=\"color: #000000;\">5.8. Conservaci\u00f3n de la energ\u00eda mec\u00e1nica. Principio de conservaci\u00f3n de la energ\u00eda.<\/span><br \/><span style=\"color: #000000;\">5.9. Potencia.<\/span><br \/><span style=\"color: #000000;\">5.10. Unidades. Ejemplos y aplicaciones.<\/span><\/p><p>\u00a0<\/p><\/div>\t\t\t\t\t\t\t\t<\/div>\n\t\t\t\t<\/div>\n\t\t\t\t\t<\/div>\n\t\t<\/div>\n\t\t\t\t\t<\/div>\n\t\t<\/section>\n\t\t\t\t<\/div>\n\t\t","protected":false},"excerpt":{"rendered":"<p>Programa Descargar Programa Anal\u00edtico F\u00edsica B\u00e1sica &#8211; 2025 &#8211; Magnitudes y erroresSe estudia la manera correcta de presentar un resultado obtenido por medici\u00f3n de una&hellip;<\/p>\n","protected":false},"author":7,"featured_media":0,"parent":0,"menu_order":0,"comment_status":"closed","ping_status":"closed","template":"elementor_header_footer","meta":{"_monsterinsights_skip_tracking":false,"_monsterinsights_sitenote_active":false,"_monsterinsights_sitenote_note":"","_monsterinsights_sitenote_category":0,"footnotes":""},"class_list":["post-1687","page","type-page","status-publish","hentry"],"yoast_head":"<!-- This site is optimized with the Yoast SEO plugin v27.0 - https:\/\/yoast.com\/product\/yoast-seo-wordpress\/ -->\n<title>FB_progr - F\u00edsica TUMI<\/title>\n<meta name=\"robots\" content=\"index, follow, max-snippet:-1, max-image-preview:large, max-video-preview:-1\" \/>\n<link rel=\"canonical\" href=\"https:\/\/fisicatumi.fica.unsl.edu.ar\/index.php\/fb_progr\/\" \/>\n<meta property=\"og:locale\" content=\"es_ES\" \/>\n<meta property=\"og:type\" content=\"article\" \/>\n<meta property=\"og:title\" content=\"FB_progr - F\u00edsica TUMI\" \/>\n<meta property=\"og:description\" content=\"Programa Descargar Programa Anal\u00edtico F\u00edsica B\u00e1sica &#8211; 2025 &#8211; Magnitudes y erroresSe estudia la manera correcta de presentar un resultado obtenido por medici\u00f3n de una&hellip;\" \/>\n<meta property=\"og:url\" content=\"https:\/\/fisicatumi.fica.unsl.edu.ar\/index.php\/fb_progr\/\" \/>\n<meta property=\"og:site_name\" content=\"F\u00edsica TUMI\" \/>\n<meta property=\"article:modified_time\" content=\"2026-02-27T16:51:13+00:00\" \/>\n<meta property=\"og:image\" content=\"https:\/\/fisicatumi.fica.unsl.edu.ar\/wp-content\/uploads\/2026\/02\/programa.gif\" \/>\n<meta name=\"twitter:card\" content=\"summary_large_image\" \/>\n<meta name=\"twitter:label1\" content=\"Tiempo de lectura\" \/>\n\t<meta name=\"twitter:data1\" content=\"3 minutos\" \/>\n<script type=\"application\/ld+json\" class=\"yoast-schema-graph\">{\"@context\":\"https:\/\/schema.org\",\"@graph\":[{\"@type\":\"WebPage\",\"@id\":\"https:\/\/fisicatumi.fica.unsl.edu.ar\/index.php\/fb_progr\/\",\"url\":\"https:\/\/fisicatumi.fica.unsl.edu.ar\/index.php\/fb_progr\/\",\"name\":\"FB_progr - F\u00edsica TUMI\",\"isPartOf\":{\"@id\":\"https:\/\/fisicatumi.fica.unsl.edu.ar\/#website\"},\"primaryImageOfPage\":{\"@id\":\"https:\/\/fisicatumi.fica.unsl.edu.ar\/index.php\/fb_progr\/#primaryimage\"},\"image\":{\"@id\":\"https:\/\/fisicatumi.fica.unsl.edu.ar\/index.php\/fb_progr\/#primaryimage\"},\"thumbnailUrl\":\"https:\/\/fisicatumi.fica.unsl.edu.ar\/wp-content\/uploads\/2026\/02\/programa.gif\",\"datePublished\":\"2026-02-11T16:28:56+00:00\",\"dateModified\":\"2026-02-27T16:51:13+00:00\",\"breadcrumb\":{\"@id\":\"https:\/\/fisicatumi.fica.unsl.edu.ar\/index.php\/fb_progr\/#breadcrumb\"},\"inLanguage\":\"es-AR\",\"potentialAction\":[{\"@type\":\"ReadAction\",\"target\":[\"https:\/\/fisicatumi.fica.unsl.edu.ar\/index.php\/fb_progr\/\"]}]},{\"@type\":\"ImageObject\",\"inLanguage\":\"es-AR\",\"@id\":\"https:\/\/fisicatumi.fica.unsl.edu.ar\/index.php\/fb_progr\/#primaryimage\",\"url\":\"https:\/\/fisicatumi.fica.unsl.edu.ar\/wp-content\/uploads\/2026\/02\/programa.gif\",\"contentUrl\":\"https:\/\/fisicatumi.fica.unsl.edu.ar\/wp-content\/uploads\/2026\/02\/programa.gif\",\"width\":640,\"height\":640},{\"@type\":\"BreadcrumbList\",\"@id\":\"https:\/\/fisicatumi.fica.unsl.edu.ar\/index.php\/fb_progr\/#breadcrumb\",\"itemListElement\":[{\"@type\":\"ListItem\",\"position\":1,\"name\":\"Inicio\",\"item\":\"https:\/\/fisicatumi.fica.unsl.edu.ar\/\"},{\"@type\":\"ListItem\",\"position\":2,\"name\":\"FB_progr\"}]},{\"@type\":\"WebSite\",\"@id\":\"https:\/\/fisicatumi.fica.unsl.edu.ar\/#website\",\"url\":\"https:\/\/fisicatumi.fica.unsl.edu.ar\/\",\"name\":\"F\u00edsica TUMI\",\"description\":\"FICA - UNSL\",\"publisher\":{\"@id\":\"https:\/\/fisicatumi.fica.unsl.edu.ar\/#organization\"},\"potentialAction\":[{\"@type\":\"SearchAction\",\"target\":{\"@type\":\"EntryPoint\",\"urlTemplate\":\"https:\/\/fisicatumi.fica.unsl.edu.ar\/?s={search_term_string}\"},\"query-input\":{\"@type\":\"PropertyValueSpecification\",\"valueRequired\":true,\"valueName\":\"search_term_string\"}}],\"inLanguage\":\"es-AR\"},{\"@type\":\"Organization\",\"@id\":\"https:\/\/fisicatumi.fica.unsl.edu.ar\/#organization\",\"name\":\"SAC- Secretar\u00eda General FICA\",\"url\":\"https:\/\/fisicatumi.fica.unsl.edu.ar\/\",\"logo\":{\"@type\":\"ImageObject\",\"inLanguage\":\"es-AR\",\"@id\":\"https:\/\/fisicatumi.fica.unsl.edu.ar\/#\/schema\/logo\/image\/\",\"url\":\"https:\/\/fisicatumi.fica.unsl.edu.ar\/wp-content\/uploads\/2021\/11\/SG-Logo.png\",\"contentUrl\":\"https:\/\/fisicatumi.fica.unsl.edu.ar\/wp-content\/uploads\/2021\/11\/SG-Logo.png\",\"width\":4483,\"height\":1231,\"caption\":\"SAC- Secretar\u00eda General FICA\"},\"image\":{\"@id\":\"https:\/\/fisicatumi.fica.unsl.edu.ar\/#\/schema\/logo\/image\/\"}}]}<\/script>\n<!-- \/ Yoast SEO plugin. -->","yoast_head_json":{"title":"FB_progr - F\u00edsica TUMI","robots":{"index":"index","follow":"follow","max-snippet":"max-snippet:-1","max-image-preview":"max-image-preview:large","max-video-preview":"max-video-preview:-1"},"canonical":"https:\/\/fisicatumi.fica.unsl.edu.ar\/index.php\/fb_progr\/","og_locale":"es_ES","og_type":"article","og_title":"FB_progr - F\u00edsica TUMI","og_description":"Programa Descargar Programa Anal\u00edtico F\u00edsica B\u00e1sica &#8211; 2025 &#8211; Magnitudes y erroresSe estudia la manera correcta de presentar un resultado obtenido por medici\u00f3n de una&hellip;","og_url":"https:\/\/fisicatumi.fica.unsl.edu.ar\/index.php\/fb_progr\/","og_site_name":"F\u00edsica TUMI","article_modified_time":"2026-02-27T16:51:13+00:00","og_image":[{"url":"https:\/\/fisicatumi.fica.unsl.edu.ar\/wp-content\/uploads\/2026\/02\/programa.gif","type":"","width":"","height":""}],"twitter_card":"summary_large_image","twitter_misc":{"Tiempo de lectura":"3 minutos"},"schema":{"@context":"https:\/\/schema.org","@graph":[{"@type":"WebPage","@id":"https:\/\/fisicatumi.fica.unsl.edu.ar\/index.php\/fb_progr\/","url":"https:\/\/fisicatumi.fica.unsl.edu.ar\/index.php\/fb_progr\/","name":"FB_progr - F\u00edsica TUMI","isPartOf":{"@id":"https:\/\/fisicatumi.fica.unsl.edu.ar\/#website"},"primaryImageOfPage":{"@id":"https:\/\/fisicatumi.fica.unsl.edu.ar\/index.php\/fb_progr\/#primaryimage"},"image":{"@id":"https:\/\/fisicatumi.fica.unsl.edu.ar\/index.php\/fb_progr\/#primaryimage"},"thumbnailUrl":"https:\/\/fisicatumi.fica.unsl.edu.ar\/wp-content\/uploads\/2026\/02\/programa.gif","datePublished":"2026-02-11T16:28:56+00:00","dateModified":"2026-02-27T16:51:13+00:00","breadcrumb":{"@id":"https:\/\/fisicatumi.fica.unsl.edu.ar\/index.php\/fb_progr\/#breadcrumb"},"inLanguage":"es-AR","potentialAction":[{"@type":"ReadAction","target":["https:\/\/fisicatumi.fica.unsl.edu.ar\/index.php\/fb_progr\/"]}]},{"@type":"ImageObject","inLanguage":"es-AR","@id":"https:\/\/fisicatumi.fica.unsl.edu.ar\/index.php\/fb_progr\/#primaryimage","url":"https:\/\/fisicatumi.fica.unsl.edu.ar\/wp-content\/uploads\/2026\/02\/programa.gif","contentUrl":"https:\/\/fisicatumi.fica.unsl.edu.ar\/wp-content\/uploads\/2026\/02\/programa.gif","width":640,"height":640},{"@type":"BreadcrumbList","@id":"https:\/\/fisicatumi.fica.unsl.edu.ar\/index.php\/fb_progr\/#breadcrumb","itemListElement":[{"@type":"ListItem","position":1,"name":"Inicio","item":"https:\/\/fisicatumi.fica.unsl.edu.ar\/"},{"@type":"ListItem","position":2,"name":"FB_progr"}]},{"@type":"WebSite","@id":"https:\/\/fisicatumi.fica.unsl.edu.ar\/#website","url":"https:\/\/fisicatumi.fica.unsl.edu.ar\/","name":"F\u00edsica TUMI","description":"FICA - UNSL","publisher":{"@id":"https:\/\/fisicatumi.fica.unsl.edu.ar\/#organization"},"potentialAction":[{"@type":"SearchAction","target":{"@type":"EntryPoint","urlTemplate":"https:\/\/fisicatumi.fica.unsl.edu.ar\/?s={search_term_string}"},"query-input":{"@type":"PropertyValueSpecification","valueRequired":true,"valueName":"search_term_string"}}],"inLanguage":"es-AR"},{"@type":"Organization","@id":"https:\/\/fisicatumi.fica.unsl.edu.ar\/#organization","name":"SAC- Secretar\u00eda General FICA","url":"https:\/\/fisicatumi.fica.unsl.edu.ar\/","logo":{"@type":"ImageObject","inLanguage":"es-AR","@id":"https:\/\/fisicatumi.fica.unsl.edu.ar\/#\/schema\/logo\/image\/","url":"https:\/\/fisicatumi.fica.unsl.edu.ar\/wp-content\/uploads\/2021\/11\/SG-Logo.png","contentUrl":"https:\/\/fisicatumi.fica.unsl.edu.ar\/wp-content\/uploads\/2021\/11\/SG-Logo.png","width":4483,"height":1231,"caption":"SAC- Secretar\u00eda General FICA"},"image":{"@id":"https:\/\/fisicatumi.fica.unsl.edu.ar\/#\/schema\/logo\/image\/"}}]}},"_links":{"self":[{"href":"https:\/\/fisicatumi.fica.unsl.edu.ar\/index.php\/wp-json\/wp\/v2\/pages\/1687","targetHints":{"allow":["GET"]}}],"collection":[{"href":"https:\/\/fisicatumi.fica.unsl.edu.ar\/index.php\/wp-json\/wp\/v2\/pages"}],"about":[{"href":"https:\/\/fisicatumi.fica.unsl.edu.ar\/index.php\/wp-json\/wp\/v2\/types\/page"}],"author":[{"embeddable":true,"href":"https:\/\/fisicatumi.fica.unsl.edu.ar\/index.php\/wp-json\/wp\/v2\/users\/7"}],"replies":[{"embeddable":true,"href":"https:\/\/fisicatumi.fica.unsl.edu.ar\/index.php\/wp-json\/wp\/v2\/comments?post=1687"}],"version-history":[{"count":45,"href":"https:\/\/fisicatumi.fica.unsl.edu.ar\/index.php\/wp-json\/wp\/v2\/pages\/1687\/revisions"}],"predecessor-version":[{"id":5332,"href":"https:\/\/fisicatumi.fica.unsl.edu.ar\/index.php\/wp-json\/wp\/v2\/pages\/1687\/revisions\/5332"}],"wp:attachment":[{"href":"https:\/\/fisicatumi.fica.unsl.edu.ar\/index.php\/wp-json\/wp\/v2\/media?parent=1687"}],"curies":[{"name":"wp","href":"https:\/\/api.w.org\/{rel}","templated":true}]}}