{"id":1698,"date":"2026-02-11T13:41:35","date_gmt":"2026-02-11T16:41:35","guid":{"rendered":"https:\/\/fisicatumi.fica.unsl.edu.ar\/?page_id=1698"},"modified":"2026-02-27T12:59:30","modified_gmt":"2026-02-27T15:59:30","slug":"fb_bgral","status":"publish","type":"page","link":"https:\/\/fisicatumi.fica.unsl.edu.ar\/index.php\/fb_bgral\/","title":{"rendered":"FB_bgral"},"content":{"rendered":"\t\t<div data-elementor-type=\"wp-page\" data-elementor-id=\"1698\" class=\"elementor elementor-1698\">\n\t\t\t\t\t\t<section class=\"elementor-section elementor-top-section elementor-element elementor-element-0426eff elementor-section-height-min-height elementor-section-boxed elementor-section-height-default elementor-section-items-middle\" data-id=\"0426eff\" data-element_type=\"section\" data-e-type=\"section\">\n\t\t\t\t\t\t<div class=\"elementor-container elementor-column-gap-default\">\n\t\t\t\t\t<div class=\"elementor-column elementor-col-33 elementor-top-column elementor-element elementor-element-3a2a5f8\" data-id=\"3a2a5f8\" data-element_type=\"column\" data-e-type=\"column\">\n\t\t\t<div class=\"elementor-widget-wrap elementor-element-populated\">\n\t\t\t\t\t\t<div class=\"elementor-element elementor-element-68ac34a elementor-widget elementor-widget-image\" data-id=\"68ac34a\" data-element_type=\"widget\" data-e-type=\"widget\" data-widget_type=\"image.default\">\n\t\t\t\t<div class=\"elementor-widget-container\">\n\t\t\t\t\t\t\t\t\t\t\t\t\t\t\t<img decoding=\"async\" src=\"https:\/\/fisicatumi.fica.unsl.edu.ar\/wp-content\/uploads\/2026\/02\/bibliografia-1.gif\" title=\"bibliograf\u00eda\" alt=\"bibliograf\u00eda\" loading=\"lazy\" \/>\t\t\t\t\t\t\t\t\t\t\t\t\t\t\t<\/div>\n\t\t\t\t<\/div>\n\t\t\t\t\t<\/div>\n\t\t<\/div>\n\t\t\t\t<div class=\"elementor-column elementor-col-66 elementor-top-column elementor-element elementor-element-74ea379\" data-id=\"74ea379\" data-element_type=\"column\" data-e-type=\"column\">\n\t\t\t<div class=\"elementor-widget-wrap elementor-element-populated\">\n\t\t\t\t\t\t<div class=\"elementor-element elementor-element-05f0c01 elementor-widget elementor-widget-text-editor\" data-id=\"05f0c01\" data-element_type=\"widget\" data-e-type=\"widget\" data-widget_type=\"text-editor.default\">\n\t\t\t\t<div class=\"elementor-widget-container\">\n\t\t\t\t\t\t\t\t\t<p><span style=\"font-size: 20px; color: #000080;\"><strong>Bibliograf\u00eda<\/strong><\/span><\/p>\t\t\t\t\t\t\t\t<\/div>\n\t\t\t\t<\/div>\n\t\t\t\t\t<\/div>\n\t\t<\/div>\n\t\t\t\t\t<\/div>\n\t\t<\/section>\n\t\t\t\t<section class=\"elementor-section elementor-top-section elementor-element elementor-element-c58fab0 elementor-section-full_width elementor-section-height-default elementor-section-height-default\" data-id=\"c58fab0\" data-element_type=\"section\" data-e-type=\"section\">\n\t\t\t\t\t\t<div class=\"elementor-container elementor-column-gap-default\">\n\t\t\t\t\t<div class=\"elementor-column elementor-col-100 elementor-top-column elementor-element elementor-element-65fd76b\" data-id=\"65fd76b\" data-element_type=\"column\" data-e-type=\"column\">\n\t\t\t<div class=\"elementor-widget-wrap elementor-element-populated\">\n\t\t\t\t\t\t<div class=\"elementor-element elementor-element-0deb2f2 elementor-widget elementor-widget-text-editor\" data-id=\"0deb2f2\" data-element_type=\"widget\" data-e-type=\"widget\" data-widget_type=\"text-editor.default\">\n\t\t\t\t<div class=\"elementor-widget-container\">\n\t\t\t\t\t\t\t\t\t<ul><li><strong><span class=\"Estilo20\" style=\"color: #000080;\"><span class=\"Estilo25\"><span dir=\"auto\">B\u00c1SICA<\/span><\/span><\/span><\/strong><\/li><\/ul><p><span style=\"color: #000000;\">[1] Giancoli. D. &#8220;<strong>F\u00edsica. Principios con aplicaciones. Volumen 1<\/strong>&#8220;. Editorial Prentice Hall, 2006<\/span><br \/><span style=\"color: #000000;\">[2] Hewitt, P. &#8220;<strong>F\u00edsica Conceptual<\/strong>&#8220;. Editorial Pearson, 2007<\/span><br \/><span style=\"color: #000000;\">[3] Tippens, P. &#8220;<strong>F\u00edsica. Conceptos y aplicaciones<\/strong>&#8220;. Editorial McGraw Hill, 1999.<\/span><br \/><span style=\"color: #000000;\">[4] Strother G. &#8220;<strong>F\u00edsica aplicada a las ciencias de la salud<\/strong>&#8220;. Editorial McGraw Hill, 1980<\/span><br \/><span style=\"color: #000000;\">[5] Reese, R. &#8220;<strong>F\u00edsica Universitaria Volumen I<\/strong>&#8220;. Editorial Thomson, 2002<\/span><br \/><span style=\"color: #000000;\">[6] Pesetti L., Ribotta S., Monasterolo, R. &#8220;<strong>F\u00edsica introductoria<\/strong>&#8220;. UNSL, 2001<\/span><br \/><span style=\"color: #000000;\">[7] Pesetti, M. &#8220;<strong>Apuntes de F\u00edsica B\u00e1sica<\/strong>&#8220;. UNSL, 2015<\/span><\/p><ul><li><strong><span style=\"color: #000080;\">COMPLEMENTARIA<\/span><\/strong><\/li><\/ul><p><span style=\"color: #000000;\">[1] Resnick R., Halliday D., Krane K. &#8220;<strong>F\u00edsica Volumen I<\/strong>&#8220;. Editorial CECSA, 2006<\/span><br \/><span style=\"color: #000000;\">[2] Sears, F., Zemansky M., Young H., Freedman R. &#8220;<strong>F\u00edsica Universitaria Volumen 1<\/strong>&#8220;. Editorial Pearson, 2004<\/span><br \/><span style=\"color: #000000;\">[3] Serway R., Jewett J. &#8220;<strong>F\u00edsica para ciencias e ingenier\u00eda<\/strong>&#8220;. Editorial Cengage Learning, 2008<\/span><\/p><p><span style=\"color: #000000;\"><br \/>Nota:<br \/><\/span><span style=\"color: #000000;\">Se puede consultar la disponibilidad de cualquier ejemplar en [<span style=\"color: #ff0000;\"><a style=\"color: #ff0000;\" href=\"http:\/\/biblioteca.unsl.edu.ar\/website\/vm\/bibvm-new.html?p=10&amp;url=2\" target=\"_blank\" rel=\"noopener\">BIBLIOTECA<\/a><\/span>]<br \/><\/span><span style=\"color: #000000;\">En la Biblioteca de la Unidad Acad\u00e9mica existe un acervo bibliogr\u00e1fico (cantidad, variedad y calidad) que permite a cada alumno poder acceder f\u00e1cilmente a un ejemplar.<br \/><br \/><\/span><span style=\"color: #000000;\">Solo en aquellos casos excepcionales en que no se pueda acceder a la bibliograf\u00eda a trav\u00e9s de la Biblioteca de la Facultad, se puede consultar la bibliograf\u00eda necesaria en los siguientes links:<\/span><\/p><p><span style=\"color: #000000;\">Hewitt, P. &#8211;<a href=\"https:\/\/fisicatumi.fica.unsl.edu.ar\/wp-content\/uploads\/2026\/02\/Practicas-de-fisica-conceptual-Hewitt.pdf\"><span style=\"color: #ff0000;\"> Pr\u00e1cticas de F\u00edsica Conceptual (2004)<\/span><\/a>\u00a0<a style=\"color: #000000;\" href=\"Practicas de fisica conceptual Hewitt.pdf\" target=\"_blank\" rel=\"noopener\">(34 MB)<\/a><br \/><br \/><\/span><span style=\"color: #000000;\">Giancoli, P. &#8211; <a href=\"https:\/\/fisicatumi.fica.unsl.edu.ar\/wp-content\/uploads\/2026\/02\/Fisica_Vol._01_-_6ta_Edicion_-_Giancoli.pdf\"><span style=\"color: #ff0000;\">F\u00edsica. Principios con Aplicaciones Volumen 1 (2006)<\/span><\/a>\u00a0<a style=\"color: #000000;\" href=\"Fisica_Vol._01_-_6ta_Edicion_-_Giancoli.pdf\" target=\"_blank\" rel=\"noopener\">(20 MB)<\/a><\/span><br \/><br \/><span style=\"color: #000000;\">Hewitt, P. &#8211; <a href=\"https:\/\/fisicatumi.fica.unsl.edu.ar\/wp-content\/uploads\/2026\/02\/Fisica-Conceptual-Paul-Hewitt-10-Ed-FISICA-1.pdf\"><span style=\"color: #ff0000;\">F\u00edsica Conceptual (2000)\u00a0<\/span><\/a><a style=\"color: #000000;\" href=\"fisica conceptual - paul hewitt-10 ed.pdf\" target=\"_blank\" rel=\"noopener\">(374 MB)<\/a><\/span><\/p><p><span style=\"color: #000000;\">Pesetti, L., Ribotta, S. y Monasterolo, R. &#8211; <a href=\"https:\/\/fisicatumi.fica.unsl.edu.ar\/wp-content\/uploads\/2026\/02\/Fisica-Introductoria.pdf\"><span style=\"color: #ff0000;\">F\u00edsica Introductoria (2001-2017)<\/span><\/a><a style=\"color: #000000;\" href=\"F\u00edsica Introductoria.pdf\" target=\"_blank\" rel=\"noopener\">(2 MB)<\/a><\/span><\/p><p><span style=\"color: #000000;\">Ribotta, S., Gil, E. &#8211; <a href=\"https:\/\/fisicatumi.fica.unsl.edu.ar\/wp-content\/uploads\/2026\/02\/FA\u00adsica-BA\u00a1sica-GuA\u00ada-de-Problemas.pdf\"><span style=\"color: #ff0000;\">Gu\u00eda de Problemas QR (Enunciados+Resultados+Soluciones) (2017)<\/span><\/a><a style=\"color: #000000;\" href=\"F\u00cdsica B\u00c1sica -  Gu\u00cda de Problemas.pdf\" target=\"_blank\" rel=\"noopener\">(4 MB)<\/a><\/span><\/p><p>\u00a0<\/p>\t\t\t\t\t\t\t\t<\/div>\n\t\t\t\t<\/div>\n\t\t\t\t\t<\/div>\n\t\t<\/div>\n\t\t\t\t\t<\/div>\n\t\t<\/section>\n\t\t\t\t<\/div>\n\t\t","protected":false},"excerpt":{"rendered":"<p>Bibliograf\u00eda B\u00c1SICA [1] Giancoli. D. &#8220;F\u00edsica. Principios con aplicaciones. Volumen 1&#8220;. Editorial Prentice Hall, 2006[2] Hewitt, P. &#8220;F\u00edsica Conceptual&#8220;. Editorial Pearson, 2007[3] Tippens, P. &#8220;F\u00edsica.&hellip;<\/p>\n","protected":false},"author":7,"featured_media":0,"parent":0,"menu_order":0,"comment_status":"closed","ping_status":"closed","template":"","meta":{"_monsterinsights_skip_tracking":false,"_monsterinsights_sitenote_active":false,"_monsterinsights_sitenote_note":"","_monsterinsights_sitenote_category":0,"footnotes":""},"class_list":["post-1698","page","type-page","status-publish","hentry"],"yoast_head":"<!-- This site is optimized with the Yoast SEO plugin v27.0 - https:\/\/yoast.com\/product\/yoast-seo-wordpress\/ -->\n<title>FB_bgral - F\u00edsica TUMI<\/title>\n<meta name=\"robots\" content=\"index, follow, max-snippet:-1, max-image-preview:large, max-video-preview:-1\" \/>\n<link rel=\"canonical\" href=\"https:\/\/fisicatumi.fica.unsl.edu.ar\/index.php\/fb_bgral\/\" \/>\n<meta property=\"og:locale\" content=\"es_ES\" \/>\n<meta property=\"og:type\" content=\"article\" \/>\n<meta property=\"og:title\" content=\"FB_bgral - F\u00edsica TUMI\" \/>\n<meta property=\"og:description\" content=\"Bibliograf\u00eda B\u00c1SICA [1] Giancoli. D. &#8220;F\u00edsica. Principios con aplicaciones. Volumen 1&#8220;. Editorial Prentice Hall, 2006[2] Hewitt, P. &#8220;F\u00edsica Conceptual&#8220;. Editorial Pearson, 2007[3] Tippens, P. &#8220;F\u00edsica.&hellip;\" \/>\n<meta property=\"og:url\" content=\"https:\/\/fisicatumi.fica.unsl.edu.ar\/index.php\/fb_bgral\/\" \/>\n<meta property=\"og:site_name\" content=\"F\u00edsica TUMI\" \/>\n<meta property=\"article:modified_time\" content=\"2026-02-27T15:59:30+00:00\" \/>\n<meta property=\"og:image\" content=\"https:\/\/fisicatumi.fica.unsl.edu.ar\/wp-content\/uploads\/2026\/02\/bibliografia-1.gif\" \/>\n<meta name=\"twitter:card\" content=\"summary_large_image\" \/>\n<meta name=\"twitter:label1\" content=\"Tiempo de lectura\" \/>\n\t<meta name=\"twitter:data1\" content=\"2 minutos\" \/>\n<script type=\"application\/ld+json\" class=\"yoast-schema-graph\">{\"@context\":\"https:\/\/schema.org\",\"@graph\":[{\"@type\":\"WebPage\",\"@id\":\"https:\/\/fisicatumi.fica.unsl.edu.ar\/index.php\/fb_bgral\/\",\"url\":\"https:\/\/fisicatumi.fica.unsl.edu.ar\/index.php\/fb_bgral\/\",\"name\":\"FB_bgral - F\u00edsica TUMI\",\"isPartOf\":{\"@id\":\"https:\/\/fisicatumi.fica.unsl.edu.ar\/#website\"},\"primaryImageOfPage\":{\"@id\":\"https:\/\/fisicatumi.fica.unsl.edu.ar\/index.php\/fb_bgral\/#primaryimage\"},\"image\":{\"@id\":\"https:\/\/fisicatumi.fica.unsl.edu.ar\/index.php\/fb_bgral\/#primaryimage\"},\"thumbnailUrl\":\"https:\/\/fisicatumi.fica.unsl.edu.ar\/wp-content\/uploads\/2026\/02\/bibliografia-1.gif\",\"datePublished\":\"2026-02-11T16:41:35+00:00\",\"dateModified\":\"2026-02-27T15:59:30+00:00\",\"breadcrumb\":{\"@id\":\"https:\/\/fisicatumi.fica.unsl.edu.ar\/index.php\/fb_bgral\/#breadcrumb\"},\"inLanguage\":\"es-AR\",\"potentialAction\":[{\"@type\":\"ReadAction\",\"target\":[\"https:\/\/fisicatumi.fica.unsl.edu.ar\/index.php\/fb_bgral\/\"]}]},{\"@type\":\"ImageObject\",\"inLanguage\":\"es-AR\",\"@id\":\"https:\/\/fisicatumi.fica.unsl.edu.ar\/index.php\/fb_bgral\/#primaryimage\",\"url\":\"https:\/\/fisicatumi.fica.unsl.edu.ar\/wp-content\/uploads\/2026\/02\/bibliografia-1.gif\",\"contentUrl\":\"https:\/\/fisicatumi.fica.unsl.edu.ar\/wp-content\/uploads\/2026\/02\/bibliografia-1.gif\",\"width\":640,\"height\":640},{\"@type\":\"BreadcrumbList\",\"@id\":\"https:\/\/fisicatumi.fica.unsl.edu.ar\/index.php\/fb_bgral\/#breadcrumb\",\"itemListElement\":[{\"@type\":\"ListItem\",\"position\":1,\"name\":\"Inicio\",\"item\":\"https:\/\/fisicatumi.fica.unsl.edu.ar\/\"},{\"@type\":\"ListItem\",\"position\":2,\"name\":\"FB_bgral\"}]},{\"@type\":\"WebSite\",\"@id\":\"https:\/\/fisicatumi.fica.unsl.edu.ar\/#website\",\"url\":\"https:\/\/fisicatumi.fica.unsl.edu.ar\/\",\"name\":\"F\u00edsica TUMI\",\"description\":\"FICA - UNSL\",\"publisher\":{\"@id\":\"https:\/\/fisicatumi.fica.unsl.edu.ar\/#organization\"},\"potentialAction\":[{\"@type\":\"SearchAction\",\"target\":{\"@type\":\"EntryPoint\",\"urlTemplate\":\"https:\/\/fisicatumi.fica.unsl.edu.ar\/?s={search_term_string}\"},\"query-input\":{\"@type\":\"PropertyValueSpecification\",\"valueRequired\":true,\"valueName\":\"search_term_string\"}}],\"inLanguage\":\"es-AR\"},{\"@type\":\"Organization\",\"@id\":\"https:\/\/fisicatumi.fica.unsl.edu.ar\/#organization\",\"name\":\"SAC- Secretar\u00eda General FICA\",\"url\":\"https:\/\/fisicatumi.fica.unsl.edu.ar\/\",\"logo\":{\"@type\":\"ImageObject\",\"inLanguage\":\"es-AR\",\"@id\":\"https:\/\/fisicatumi.fica.unsl.edu.ar\/#\/schema\/logo\/image\/\",\"url\":\"https:\/\/fisicatumi.fica.unsl.edu.ar\/wp-content\/uploads\/2021\/11\/SG-Logo.png\",\"contentUrl\":\"https:\/\/fisicatumi.fica.unsl.edu.ar\/wp-content\/uploads\/2021\/11\/SG-Logo.png\",\"width\":4483,\"height\":1231,\"caption\":\"SAC- Secretar\u00eda General FICA\"},\"image\":{\"@id\":\"https:\/\/fisicatumi.fica.unsl.edu.ar\/#\/schema\/logo\/image\/\"}}]}<\/script>\n<!-- \/ Yoast SEO plugin. -->","yoast_head_json":{"title":"FB_bgral - F\u00edsica TUMI","robots":{"index":"index","follow":"follow","max-snippet":"max-snippet:-1","max-image-preview":"max-image-preview:large","max-video-preview":"max-video-preview:-1"},"canonical":"https:\/\/fisicatumi.fica.unsl.edu.ar\/index.php\/fb_bgral\/","og_locale":"es_ES","og_type":"article","og_title":"FB_bgral - F\u00edsica TUMI","og_description":"Bibliograf\u00eda B\u00c1SICA [1] Giancoli. D. &#8220;F\u00edsica. Principios con aplicaciones. Volumen 1&#8220;. Editorial Prentice Hall, 2006[2] Hewitt, P. &#8220;F\u00edsica Conceptual&#8220;. Editorial Pearson, 2007[3] Tippens, P. &#8220;F\u00edsica.&hellip;","og_url":"https:\/\/fisicatumi.fica.unsl.edu.ar\/index.php\/fb_bgral\/","og_site_name":"F\u00edsica TUMI","article_modified_time":"2026-02-27T15:59:30+00:00","og_image":[{"url":"https:\/\/fisicatumi.fica.unsl.edu.ar\/wp-content\/uploads\/2026\/02\/bibliografia-1.gif","type":"","width":"","height":""}],"twitter_card":"summary_large_image","twitter_misc":{"Tiempo de lectura":"2 minutos"},"schema":{"@context":"https:\/\/schema.org","@graph":[{"@type":"WebPage","@id":"https:\/\/fisicatumi.fica.unsl.edu.ar\/index.php\/fb_bgral\/","url":"https:\/\/fisicatumi.fica.unsl.edu.ar\/index.php\/fb_bgral\/","name":"FB_bgral - F\u00edsica TUMI","isPartOf":{"@id":"https:\/\/fisicatumi.fica.unsl.edu.ar\/#website"},"primaryImageOfPage":{"@id":"https:\/\/fisicatumi.fica.unsl.edu.ar\/index.php\/fb_bgral\/#primaryimage"},"image":{"@id":"https:\/\/fisicatumi.fica.unsl.edu.ar\/index.php\/fb_bgral\/#primaryimage"},"thumbnailUrl":"https:\/\/fisicatumi.fica.unsl.edu.ar\/wp-content\/uploads\/2026\/02\/bibliografia-1.gif","datePublished":"2026-02-11T16:41:35+00:00","dateModified":"2026-02-27T15:59:30+00:00","breadcrumb":{"@id":"https:\/\/fisicatumi.fica.unsl.edu.ar\/index.php\/fb_bgral\/#breadcrumb"},"inLanguage":"es-AR","potentialAction":[{"@type":"ReadAction","target":["https:\/\/fisicatumi.fica.unsl.edu.ar\/index.php\/fb_bgral\/"]}]},{"@type":"ImageObject","inLanguage":"es-AR","@id":"https:\/\/fisicatumi.fica.unsl.edu.ar\/index.php\/fb_bgral\/#primaryimage","url":"https:\/\/fisicatumi.fica.unsl.edu.ar\/wp-content\/uploads\/2026\/02\/bibliografia-1.gif","contentUrl":"https:\/\/fisicatumi.fica.unsl.edu.ar\/wp-content\/uploads\/2026\/02\/bibliografia-1.gif","width":640,"height":640},{"@type":"BreadcrumbList","@id":"https:\/\/fisicatumi.fica.unsl.edu.ar\/index.php\/fb_bgral\/#breadcrumb","itemListElement":[{"@type":"ListItem","position":1,"name":"Inicio","item":"https:\/\/fisicatumi.fica.unsl.edu.ar\/"},{"@type":"ListItem","position":2,"name":"FB_bgral"}]},{"@type":"WebSite","@id":"https:\/\/fisicatumi.fica.unsl.edu.ar\/#website","url":"https:\/\/fisicatumi.fica.unsl.edu.ar\/","name":"F\u00edsica TUMI","description":"FICA - UNSL","publisher":{"@id":"https:\/\/fisicatumi.fica.unsl.edu.ar\/#organization"},"potentialAction":[{"@type":"SearchAction","target":{"@type":"EntryPoint","urlTemplate":"https:\/\/fisicatumi.fica.unsl.edu.ar\/?s={search_term_string}"},"query-input":{"@type":"PropertyValueSpecification","valueRequired":true,"valueName":"search_term_string"}}],"inLanguage":"es-AR"},{"@type":"Organization","@id":"https:\/\/fisicatumi.fica.unsl.edu.ar\/#organization","name":"SAC- Secretar\u00eda General FICA","url":"https:\/\/fisicatumi.fica.unsl.edu.ar\/","logo":{"@type":"ImageObject","inLanguage":"es-AR","@id":"https:\/\/fisicatumi.fica.unsl.edu.ar\/#\/schema\/logo\/image\/","url":"https:\/\/fisicatumi.fica.unsl.edu.ar\/wp-content\/uploads\/2021\/11\/SG-Logo.png","contentUrl":"https:\/\/fisicatumi.fica.unsl.edu.ar\/wp-content\/uploads\/2021\/11\/SG-Logo.png","width":4483,"height":1231,"caption":"SAC- Secretar\u00eda General FICA"},"image":{"@id":"https:\/\/fisicatumi.fica.unsl.edu.ar\/#\/schema\/logo\/image\/"}}]}},"_links":{"self":[{"href":"https:\/\/fisicatumi.fica.unsl.edu.ar\/index.php\/wp-json\/wp\/v2\/pages\/1698","targetHints":{"allow":["GET"]}}],"collection":[{"href":"https:\/\/fisicatumi.fica.unsl.edu.ar\/index.php\/wp-json\/wp\/v2\/pages"}],"about":[{"href":"https:\/\/fisicatumi.fica.unsl.edu.ar\/index.php\/wp-json\/wp\/v2\/types\/page"}],"author":[{"embeddable":true,"href":"https:\/\/fisicatumi.fica.unsl.edu.ar\/index.php\/wp-json\/wp\/v2\/users\/7"}],"replies":[{"embeddable":true,"href":"https:\/\/fisicatumi.fica.unsl.edu.ar\/index.php\/wp-json\/wp\/v2\/comments?post=1698"}],"version-history":[{"count":55,"href":"https:\/\/fisicatumi.fica.unsl.edu.ar\/index.php\/wp-json\/wp\/v2\/pages\/1698\/revisions"}],"predecessor-version":[{"id":5404,"href":"https:\/\/fisicatumi.fica.unsl.edu.ar\/index.php\/wp-json\/wp\/v2\/pages\/1698\/revisions\/5404"}],"wp:attachment":[{"href":"https:\/\/fisicatumi.fica.unsl.edu.ar\/index.php\/wp-json\/wp\/v2\/media?parent=1698"}],"curies":[{"name":"wp","href":"https:\/\/api.w.org\/{rel}","templated":true}]}}