{"id":1830,"date":"2026-02-11T23:25:27","date_gmt":"2026-02-12T02:25:27","guid":{"rendered":"https:\/\/fisicatumi.fica.unsl.edu.ar\/?page_id=1830"},"modified":"2026-02-28T00:24:27","modified_gmt":"2026-02-28T03:24:27","slug":"fb_condi","status":"publish","type":"page","link":"https:\/\/fisicatumi.fica.unsl.edu.ar\/index.php\/fb_condi\/","title":{"rendered":"FB_condi"},"content":{"rendered":"\t\t<div data-elementor-type=\"wp-page\" data-elementor-id=\"1830\" class=\"elementor elementor-1830\">\n\t\t\t\t\t\t<section class=\"elementor-section elementor-top-section elementor-element elementor-element-16290ce elementor-section-height-min-height elementor-section-content-middle elementor-section-boxed elementor-section-height-default elementor-section-items-middle\" data-id=\"16290ce\" data-element_type=\"section\" data-e-type=\"section\">\n\t\t\t\t\t\t<div class=\"elementor-container elementor-column-gap-default\">\n\t\t\t\t\t<div class=\"elementor-column elementor-col-33 elementor-top-column elementor-element elementor-element-95ab741\" data-id=\"95ab741\" data-element_type=\"column\" data-e-type=\"column\">\n\t\t\t<div class=\"elementor-widget-wrap elementor-element-populated\">\n\t\t\t\t\t\t<div class=\"elementor-element elementor-element-8a58345 elementor-widget elementor-widget-image\" data-id=\"8a58345\" data-element_type=\"widget\" data-e-type=\"widget\" data-widget_type=\"image.default\">\n\t\t\t\t<div class=\"elementor-widget-container\">\n\t\t\t\t\t\t\t\t\t\t\t\t\t\t\t<img decoding=\"async\" src=\"https:\/\/fisicatumi.fica.unsl.edu.ar\/wp-content\/uploads\/2026\/02\/cursado.gif\" title=\"cursado\" alt=\"cursado\" loading=\"lazy\" \/>\t\t\t\t\t\t\t\t\t\t\t\t\t\t\t<\/div>\n\t\t\t\t<\/div>\n\t\t\t\t\t<\/div>\n\t\t<\/div>\n\t\t\t\t<div class=\"elementor-column elementor-col-66 elementor-top-column elementor-element elementor-element-47d728b\" data-id=\"47d728b\" data-element_type=\"column\" data-e-type=\"column\">\n\t\t\t<div class=\"elementor-widget-wrap elementor-element-populated\">\n\t\t\t\t\t\t<div class=\"elementor-element elementor-element-86f9678 elementor-widget elementor-widget-text-editor\" data-id=\"86f9678\" data-element_type=\"widget\" data-e-type=\"widget\" data-widget_type=\"text-editor.default\">\n\t\t\t\t<div class=\"elementor-widget-container\">\n\t\t\t\t\t\t\t\t\t<p><span style=\"font-size: 20px; color: #000080;\"><strong>Condiciones de cursado y regularidad<\/strong><\/span><\/p>\t\t\t\t\t\t\t\t<\/div>\n\t\t\t\t<\/div>\n\t\t\t\t\t<\/div>\n\t\t<\/div>\n\t\t\t\t\t<\/div>\n\t\t<\/section>\n\t\t\t\t<section class=\"elementor-section elementor-top-section elementor-element elementor-element-c58fab0 elementor-section-full_width elementor-section-height-default elementor-section-height-default\" data-id=\"c58fab0\" data-element_type=\"section\" data-e-type=\"section\">\n\t\t\t\t\t\t<div class=\"elementor-container elementor-column-gap-default\">\n\t\t\t\t\t<div class=\"elementor-column elementor-col-100 elementor-top-column elementor-element elementor-element-65fd76b\" data-id=\"65fd76b\" data-element_type=\"column\" data-e-type=\"column\">\n\t\t\t<div class=\"elementor-widget-wrap elementor-element-populated\">\n\t\t\t\t\t\t<div class=\"elementor-element elementor-element-0deb2f2 elementor-widget elementor-widget-text-editor\" data-id=\"0deb2f2\" data-element_type=\"widget\" data-e-type=\"widget\" data-widget_type=\"text-editor.default\">\n\t\t\t\t<div class=\"elementor-widget-container\">\n\t\t\t\t\t\t\t\t\t<p><strong><span style=\"color: #000080;\">A. R\u00c9GIMEN DE CURSADO<\/span><\/strong><\/p><p><strong><span style=\"color: #000080;\">1. DICTADO<\/span><\/strong><\/p><p><span style=\"color: #000000;\">El dictado de la materia se realizar\u00e1 mediante la siguiente modalidad:<\/span><br \/><span style=\"color: #000000;\">1.1. Dictado de clases te\u00f3ricas-pr\u00e1cticas<\/span><br \/><span style=\"color: #000000;\">1.2. Dictado de clases pr\u00e1cticas de problemas<\/span><\/p><p><strong><span style=\"color: #000080;\">2. DURACI\u00d3N y DISTRIBUCI\u00d3N<\/span><\/strong><\/p><p><span style=\"color: #000000;\">La duraci\u00f3n y distribuci\u00f3n del cr\u00e9dito horario para el dictado de la asignatura es el siguiente:<\/span><br \/><span style=\"color: #000000;\">2.1. Clases te\u00f3rico-pr\u00e1cticas: 2 horas semanales, con 30 horas para el cuatrimestre<\/span><br \/><span style=\"color: #000000;\">2.2. Clases pr\u00e1cticas de problemas: 4 horas semanales, con 60 horas para el cuatrimestre<\/span><br \/><span style=\"color: #000000;\">2.3. Horarios:<\/span><br \/><span style=\"color: #000000;\">2.3.1. Teor\u00eda y Pr\u00e1ctica: lunes 18:00 a 21:00 h<\/span><br \/><span style=\"color: #000000;\">2.3.2. Pr\u00e1ctica: mi\u00e9rcoles de 19:00 a 22:00 h<\/span><br \/><span style=\"color: #000000;\">2.4. Fecha (estimada) de parciales (de acuerdo a OCS 32\/14)<\/span><br \/><span style=\"color: #000000;\">\u00a0 \u00a0 \u00a0 &#8211; 1er Parcial: 24\/septiembre<\/span><br \/><span style=\"color: #000000;\">\u00a0 \u00a0 \u00a0 &#8211; 1era Recuperaci\u00f3n 1er Parcial: 01\/octubre<\/span><br \/><span style=\"color: #000000;\">\u00a0 \u00a0 \u00a0 &#8211; 2do Parcial: 29\/octubre<\/span><br \/><span style=\"color: #000000;\">\u00a0 \u00a0 \u00a0 &#8211; 1era Recuperaci\u00f3n 2do Parcial: 05\/noviembre<\/span><br \/><span style=\"color: #000000;\">\u00a0 \u00a0 \u00a0 &#8211; 2da Recuperaci\u00f3n 2do Parcial: 12\/noviembre<\/span><br \/><span style=\"color: #000000;\">\u00a0 \u00a0 \u00a0 &#8211; 2da Recuperaci\u00f3n 1er Parcial (para acceder a esta instancia se debe tener aprobado<\/span><br \/><span style=\"color: #000000;\">\u00a0 \u00a0 \u00a0 \u00a0\u00a0 el 2do Parcial en Cualquiera de las instancias): 19\/noviembre<\/span><br \/><span style=\"color: #000000;\">2.5. Al inicio de cuatrimestre se le entregar\u00e1 al alumno la planificaci\u00f3n completa de la asignatura (teor\u00eda y trabajos pr\u00e1cticos) conjuntamente con el programa de la materia.<\/span><\/p><p><strong><span style=\"color: #000080;\">3. TEOR\u00cdA<\/span><\/strong><\/p><p><span style=\"color: #000000;\">3.1. Se exigir\u00e1 una asistencia como m\u00ednimo del 80% sobre el total de las clases te\u00f3ricas.<\/span><\/p><p><strong><span style=\"color: #000080;\">4. PR\u00c1CTICOS DE PROBLEMAS<\/span><\/strong><\/p><p><span style=\"color: #000000;\">4.1. Se exigir\u00e1 una asistencia como m\u00ednimo del 80% sobre el total de las clases pr\u00e1cticas de problemas.<\/span><br \/><span style=\"color: #000000;\">4.2. Se tomar\u00e1n dos ex\u00e1menes parciales con dos recuperaciones cada uno (Ord. CS 32\/14).<\/span><br \/><span style=\"color: #000000;\">4.3 Para acceder a la 2da Recuperaci\u00f3n del 1er Parcial el alumno deber\u00e1 haber aprobado el 2do Parcial en cualquiera de las instancias. La evaluaci\u00f3n pr\u00e1ctica de problemas se considerar\u00e1 aprobada cuando se responda satisfactoriamente como m\u00ednimo a un 70% de lo solicitado.<\/span><\/p><p><strong><span style=\"color: #000080;\">B. R\u00c9GIMEN DE PROMOCI\u00d3N SIN EXAMEN FINAL y de APROBACI\u00d3N CON EX\u00c1MEN FINAL<\/span><\/strong><\/p><p><strong><span style=\"color: #000080;\">5. R\u00c9GIMEN DE APROBACI\u00d3N POR PROMOCI\u00d3N SIN EX\u00c1MEN FINAL<\/span><\/strong><\/p><p><span style=\"color: #000000;\">El estudiante acceder\u00e1 a la condici\u00f3n de ESTUDIANTE PROMOCIONAL, y tendr\u00e1 derecho a la firma de la libreta universitaria con nota o calificaci\u00f3n cuando cumpla con las siguientes condiciones:<\/span><br \/><span style=\"color: #000000;\">5.1. Las requeridas para cursar la asignatura que estipula el r\u00e9gimen de correlatividades vigentes en el plan de estudios de la carrera y se encuentren debidamente inscriptos en este curso.<\/span><br \/><span style=\"color: #000000;\">5.2. Tener una asistencia m\u00ednima del 80% sobre el total de las clases pr\u00e1cticas de teor\u00eda y de problemas.<\/span><br \/><span style=\"color: #000000;\">5.3. Tener aprobado las 2 (dos) evaluaciones parciales de pr\u00e1cticas de problemas (en cualquiera de las instancias). La evaluaci\u00f3n pr\u00e1ctica de problemas se considerar\u00e1 aprobada cuando se responda satisfactoriamente como m\u00ednimo a un 70% de lo solicitado.<\/span><br \/><span style=\"color: #000000;\">5.4. Tener aprobado de las 2 (dos) evaluaciones parciales de teor\u00eda (en cualquiera de las instancias). La evaluaci\u00f3n pr\u00e1ctica de problemas se considerar\u00e1 aprobada cuando se responda satisfactoriamente como m\u00ednimo a un 70% de lo solicitado.<\/span><br \/><span style=\"color: #000000;\">5.5. La nota final en la asignatura surgir\u00e1 como promedio de las notas obtenidas en la aprobaci\u00f3n de las 2 (dos) evaluaciones parciales de teor\u00eda.<\/span><\/p><p><strong><span style=\"color: #000080;\">6. R\u00c9GIMEN DE APROBACI\u00d3N CON EXAMEN FINAL (PARA ESTUDIANTES REGULARES)<\/span><\/strong><\/p><p><span style=\"color: #000000;\">El estudiante acceder\u00e1 a la condici\u00f3n de ESTUDIANTE REGULAR, y tendr\u00e1 derecho a la firma de la libreta universitaria cuando cumpla con las siguientes condiciones:<\/span><br \/><span style=\"color: #000000;\">6.1. Las requeridas para cursar la asignatura que estipula el r\u00e9gimen de correlatividades vigentes en el plan de estudios de la carrera y se encuentren debidamente inscriptos en este curso.<\/span><br \/><span style=\"color: #000000;\">6.2. Tener una asistencia m\u00ednima del 80% sobre el total de las clases pr\u00e1cticas de teor\u00eda y problemas.<\/span><br \/><span style=\"color: #000000;\">6.3. No tener aprobado alguna de las 2 (dos) evaluaciones parciales te\u00f3ricas.<\/span><br \/><span style=\"color: #000000;\">6.4. Tener aprobado con un m\u00ednimo del 70% las 2 (dos) evaluaciones parciales de pr\u00e1cticas de problemas (en cualquiera de las instancias).<\/span><br \/><span style=\"color: #000000;\">6.5. Para aprobar la asignatura el alumno deber\u00e1 inscribirse en un Turno de Ex\u00e1men y aprobar la correspondiente evaluaci\u00f3n te\u00f3rica.<\/span><\/p><p><strong><span style=\"color: #000080;\">7. R\u00c9GIMEN DE APROBACI\u00d3N CON EX\u00c1MEN FINAL (PARA ESTUDIANTES LIBRES)<\/span><\/strong><\/p><p><span style=\"color: #000000;\">El estudiante podr\u00e1 acceder a rendir en la condici\u00f3n de ESTUDIANTE LIBRE, y tendr\u00e1 derecho a la firma de la libreta universitaria con nota o calificaci\u00f3n cuando cumpla con las siguientes condiciones:<\/span><br \/><span style=\"color: #000000;\">7.1. S\u00f3lo podr\u00e1n acceder a esta condici\u00f3n aquellos estudiantes que registraron su inscripci\u00f3n anual en el per\u00edodo establecido.<\/span><br \/><span style=\"color: #000000;\">7.2. Los estudiantes que habiendo estado inscriptos para el cursado de la asignatura no pudieron cumplir con los requisitos previstos en los puntos 5 (Promoci\u00f3n) y 6 (Regular).<\/span><br \/><span style=\"color: #000000;\">7.3. Los estudiantes no inscriptos para cursar, que cumplen con las correlativas requeridas para rendir el curso.<\/span><br \/><span style=\"color: #000000;\">7.4. Los estudiantes que han obtenido la regularizaci\u00f3n en la asignatura, pero el plazo de su validez ha vencido.<\/span><br \/><span style=\"color: #000000;\">7.5. Para aprobar la asignatura (en la condici\u00f3n de Estudiante Libre), el mismo deber\u00e1 inscribirse en un Turno de Examen.<\/span><br \/><span style=\"color: #000000;\">Aprobar en una primera instancia la correspondiente evaluaci\u00f3n pr\u00e1ctica de problemas. La evaluaci\u00f3n pr\u00e1ctica de problemas se considerar\u00e1 aprobada cuando se responda satisfactoriamente como m\u00ednimo a un 70% de lo solicitado. S\u00f3lo en este caso, posteriormente podr\u00e1 acceder a rendir la evaluaci\u00f3n te\u00f3rica. La evaluaci\u00f3n te\u00f3rica se considerar\u00e1 aprobada cuando se responda satisfactoriamente como m\u00ednimo a un 70% de lo solicitado. La nota de aprobaci\u00f3n de la asignatura ser\u00e1 la correspondiente a la evaluaci\u00f3n te\u00f3rica.<\/span><\/p><p><span style=\"color: #000000;\">Importante. El Programa para el Examen Final corresponde al \u00faltimo programa aprobado.<\/span><\/p><p>\u00a0<\/p>\t\t\t\t\t\t\t\t<\/div>\n\t\t\t\t<\/div>\n\t\t\t\t\t<\/div>\n\t\t<\/div>\n\t\t\t\t\t<\/div>\n\t\t<\/section>\n\t\t\t\t<\/div>\n\t\t","protected":false},"excerpt":{"rendered":"<p>Condiciones de cursado y regularidad A. R\u00c9GIMEN DE CURSADO 1. DICTADO El dictado de la materia se realizar\u00e1 mediante la siguiente modalidad:1.1. Dictado de clases&hellip;<\/p>\n","protected":false},"author":7,"featured_media":0,"parent":0,"menu_order":0,"comment_status":"closed","ping_status":"closed","template":"elementor_header_footer","meta":{"_monsterinsights_skip_tracking":false,"_monsterinsights_sitenote_active":false,"_monsterinsights_sitenote_note":"","_monsterinsights_sitenote_category":0,"footnotes":""},"class_list":["post-1830","page","type-page","status-publish","hentry"],"yoast_head":"<!-- This site is optimized with the Yoast SEO plugin v27.0 - https:\/\/yoast.com\/product\/yoast-seo-wordpress\/ -->\n<title>FB_condi - F\u00edsica TUMI<\/title>\n<meta name=\"robots\" content=\"index, follow, max-snippet:-1, max-image-preview:large, max-video-preview:-1\" \/>\n<link rel=\"canonical\" href=\"https:\/\/fisicatumi.fica.unsl.edu.ar\/index.php\/fb_condi\/\" \/>\n<meta property=\"og:locale\" content=\"es_ES\" \/>\n<meta property=\"og:type\" content=\"article\" \/>\n<meta property=\"og:title\" content=\"FB_condi - F\u00edsica TUMI\" \/>\n<meta property=\"og:description\" content=\"Condiciones de cursado y regularidad A. R\u00c9GIMEN DE CURSADO 1. DICTADO El dictado de la materia se realizar\u00e1 mediante la siguiente modalidad:1.1. Dictado de clases&hellip;\" \/>\n<meta property=\"og:url\" content=\"https:\/\/fisicatumi.fica.unsl.edu.ar\/index.php\/fb_condi\/\" \/>\n<meta property=\"og:site_name\" content=\"F\u00edsica TUMI\" \/>\n<meta property=\"article:modified_time\" content=\"2026-02-28T03:24:27+00:00\" \/>\n<meta property=\"og:image\" content=\"https:\/\/fisicatumi.fica.unsl.edu.ar\/wp-content\/uploads\/2026\/02\/cursado.gif\" \/>\n<meta name=\"twitter:card\" content=\"summary_large_image\" \/>\n<meta name=\"twitter:label1\" content=\"Tiempo de lectura\" \/>\n\t<meta name=\"twitter:data1\" content=\"5 minutos\" \/>\n<script type=\"application\/ld+json\" class=\"yoast-schema-graph\">{\"@context\":\"https:\/\/schema.org\",\"@graph\":[{\"@type\":\"WebPage\",\"@id\":\"https:\/\/fisicatumi.fica.unsl.edu.ar\/index.php\/fb_condi\/\",\"url\":\"https:\/\/fisicatumi.fica.unsl.edu.ar\/index.php\/fb_condi\/\",\"name\":\"FB_condi - F\u00edsica TUMI\",\"isPartOf\":{\"@id\":\"https:\/\/fisicatumi.fica.unsl.edu.ar\/#website\"},\"primaryImageOfPage\":{\"@id\":\"https:\/\/fisicatumi.fica.unsl.edu.ar\/index.php\/fb_condi\/#primaryimage\"},\"image\":{\"@id\":\"https:\/\/fisicatumi.fica.unsl.edu.ar\/index.php\/fb_condi\/#primaryimage\"},\"thumbnailUrl\":\"https:\/\/fisicatumi.fica.unsl.edu.ar\/wp-content\/uploads\/2026\/02\/cursado.gif\",\"datePublished\":\"2026-02-12T02:25:27+00:00\",\"dateModified\":\"2026-02-28T03:24:27+00:00\",\"breadcrumb\":{\"@id\":\"https:\/\/fisicatumi.fica.unsl.edu.ar\/index.php\/fb_condi\/#breadcrumb\"},\"inLanguage\":\"es-AR\",\"potentialAction\":[{\"@type\":\"ReadAction\",\"target\":[\"https:\/\/fisicatumi.fica.unsl.edu.ar\/index.php\/fb_condi\/\"]}]},{\"@type\":\"ImageObject\",\"inLanguage\":\"es-AR\",\"@id\":\"https:\/\/fisicatumi.fica.unsl.edu.ar\/index.php\/fb_condi\/#primaryimage\",\"url\":\"https:\/\/fisicatumi.fica.unsl.edu.ar\/wp-content\/uploads\/2026\/02\/cursado.gif\",\"contentUrl\":\"https:\/\/fisicatumi.fica.unsl.edu.ar\/wp-content\/uploads\/2026\/02\/cursado.gif\",\"width\":640,\"height\":640},{\"@type\":\"BreadcrumbList\",\"@id\":\"https:\/\/fisicatumi.fica.unsl.edu.ar\/index.php\/fb_condi\/#breadcrumb\",\"itemListElement\":[{\"@type\":\"ListItem\",\"position\":1,\"name\":\"Inicio\",\"item\":\"https:\/\/fisicatumi.fica.unsl.edu.ar\/\"},{\"@type\":\"ListItem\",\"position\":2,\"name\":\"FB_condi\"}]},{\"@type\":\"WebSite\",\"@id\":\"https:\/\/fisicatumi.fica.unsl.edu.ar\/#website\",\"url\":\"https:\/\/fisicatumi.fica.unsl.edu.ar\/\",\"name\":\"F\u00edsica TUMI\",\"description\":\"FICA - UNSL\",\"publisher\":{\"@id\":\"https:\/\/fisicatumi.fica.unsl.edu.ar\/#organization\"},\"potentialAction\":[{\"@type\":\"SearchAction\",\"target\":{\"@type\":\"EntryPoint\",\"urlTemplate\":\"https:\/\/fisicatumi.fica.unsl.edu.ar\/?s={search_term_string}\"},\"query-input\":{\"@type\":\"PropertyValueSpecification\",\"valueRequired\":true,\"valueName\":\"search_term_string\"}}],\"inLanguage\":\"es-AR\"},{\"@type\":\"Organization\",\"@id\":\"https:\/\/fisicatumi.fica.unsl.edu.ar\/#organization\",\"name\":\"SAC- Secretar\u00eda General FICA\",\"url\":\"https:\/\/fisicatumi.fica.unsl.edu.ar\/\",\"logo\":{\"@type\":\"ImageObject\",\"inLanguage\":\"es-AR\",\"@id\":\"https:\/\/fisicatumi.fica.unsl.edu.ar\/#\/schema\/logo\/image\/\",\"url\":\"https:\/\/fisicatumi.fica.unsl.edu.ar\/wp-content\/uploads\/2021\/11\/SG-Logo.png\",\"contentUrl\":\"https:\/\/fisicatumi.fica.unsl.edu.ar\/wp-content\/uploads\/2021\/11\/SG-Logo.png\",\"width\":4483,\"height\":1231,\"caption\":\"SAC- Secretar\u00eda General FICA\"},\"image\":{\"@id\":\"https:\/\/fisicatumi.fica.unsl.edu.ar\/#\/schema\/logo\/image\/\"}}]}<\/script>\n<!-- \/ Yoast SEO plugin. -->","yoast_head_json":{"title":"FB_condi - F\u00edsica TUMI","robots":{"index":"index","follow":"follow","max-snippet":"max-snippet:-1","max-image-preview":"max-image-preview:large","max-video-preview":"max-video-preview:-1"},"canonical":"https:\/\/fisicatumi.fica.unsl.edu.ar\/index.php\/fb_condi\/","og_locale":"es_ES","og_type":"article","og_title":"FB_condi - F\u00edsica TUMI","og_description":"Condiciones de cursado y regularidad A. R\u00c9GIMEN DE CURSADO 1. DICTADO El dictado de la materia se realizar\u00e1 mediante la siguiente modalidad:1.1. Dictado de clases&hellip;","og_url":"https:\/\/fisicatumi.fica.unsl.edu.ar\/index.php\/fb_condi\/","og_site_name":"F\u00edsica TUMI","article_modified_time":"2026-02-28T03:24:27+00:00","og_image":[{"url":"https:\/\/fisicatumi.fica.unsl.edu.ar\/wp-content\/uploads\/2026\/02\/cursado.gif","type":"","width":"","height":""}],"twitter_card":"summary_large_image","twitter_misc":{"Tiempo de lectura":"5 minutos"},"schema":{"@context":"https:\/\/schema.org","@graph":[{"@type":"WebPage","@id":"https:\/\/fisicatumi.fica.unsl.edu.ar\/index.php\/fb_condi\/","url":"https:\/\/fisicatumi.fica.unsl.edu.ar\/index.php\/fb_condi\/","name":"FB_condi - F\u00edsica TUMI","isPartOf":{"@id":"https:\/\/fisicatumi.fica.unsl.edu.ar\/#website"},"primaryImageOfPage":{"@id":"https:\/\/fisicatumi.fica.unsl.edu.ar\/index.php\/fb_condi\/#primaryimage"},"image":{"@id":"https:\/\/fisicatumi.fica.unsl.edu.ar\/index.php\/fb_condi\/#primaryimage"},"thumbnailUrl":"https:\/\/fisicatumi.fica.unsl.edu.ar\/wp-content\/uploads\/2026\/02\/cursado.gif","datePublished":"2026-02-12T02:25:27+00:00","dateModified":"2026-02-28T03:24:27+00:00","breadcrumb":{"@id":"https:\/\/fisicatumi.fica.unsl.edu.ar\/index.php\/fb_condi\/#breadcrumb"},"inLanguage":"es-AR","potentialAction":[{"@type":"ReadAction","target":["https:\/\/fisicatumi.fica.unsl.edu.ar\/index.php\/fb_condi\/"]}]},{"@type":"ImageObject","inLanguage":"es-AR","@id":"https:\/\/fisicatumi.fica.unsl.edu.ar\/index.php\/fb_condi\/#primaryimage","url":"https:\/\/fisicatumi.fica.unsl.edu.ar\/wp-content\/uploads\/2026\/02\/cursado.gif","contentUrl":"https:\/\/fisicatumi.fica.unsl.edu.ar\/wp-content\/uploads\/2026\/02\/cursado.gif","width":640,"height":640},{"@type":"BreadcrumbList","@id":"https:\/\/fisicatumi.fica.unsl.edu.ar\/index.php\/fb_condi\/#breadcrumb","itemListElement":[{"@type":"ListItem","position":1,"name":"Inicio","item":"https:\/\/fisicatumi.fica.unsl.edu.ar\/"},{"@type":"ListItem","position":2,"name":"FB_condi"}]},{"@type":"WebSite","@id":"https:\/\/fisicatumi.fica.unsl.edu.ar\/#website","url":"https:\/\/fisicatumi.fica.unsl.edu.ar\/","name":"F\u00edsica TUMI","description":"FICA - UNSL","publisher":{"@id":"https:\/\/fisicatumi.fica.unsl.edu.ar\/#organization"},"potentialAction":[{"@type":"SearchAction","target":{"@type":"EntryPoint","urlTemplate":"https:\/\/fisicatumi.fica.unsl.edu.ar\/?s={search_term_string}"},"query-input":{"@type":"PropertyValueSpecification","valueRequired":true,"valueName":"search_term_string"}}],"inLanguage":"es-AR"},{"@type":"Organization","@id":"https:\/\/fisicatumi.fica.unsl.edu.ar\/#organization","name":"SAC- Secretar\u00eda General FICA","url":"https:\/\/fisicatumi.fica.unsl.edu.ar\/","logo":{"@type":"ImageObject","inLanguage":"es-AR","@id":"https:\/\/fisicatumi.fica.unsl.edu.ar\/#\/schema\/logo\/image\/","url":"https:\/\/fisicatumi.fica.unsl.edu.ar\/wp-content\/uploads\/2021\/11\/SG-Logo.png","contentUrl":"https:\/\/fisicatumi.fica.unsl.edu.ar\/wp-content\/uploads\/2021\/11\/SG-Logo.png","width":4483,"height":1231,"caption":"SAC- Secretar\u00eda General FICA"},"image":{"@id":"https:\/\/fisicatumi.fica.unsl.edu.ar\/#\/schema\/logo\/image\/"}}]}},"_links":{"self":[{"href":"https:\/\/fisicatumi.fica.unsl.edu.ar\/index.php\/wp-json\/wp\/v2\/pages\/1830","targetHints":{"allow":["GET"]}}],"collection":[{"href":"https:\/\/fisicatumi.fica.unsl.edu.ar\/index.php\/wp-json\/wp\/v2\/pages"}],"about":[{"href":"https:\/\/fisicatumi.fica.unsl.edu.ar\/index.php\/wp-json\/wp\/v2\/types\/page"}],"author":[{"embeddable":true,"href":"https:\/\/fisicatumi.fica.unsl.edu.ar\/index.php\/wp-json\/wp\/v2\/users\/7"}],"replies":[{"embeddable":true,"href":"https:\/\/fisicatumi.fica.unsl.edu.ar\/index.php\/wp-json\/wp\/v2\/comments?post=1830"}],"version-history":[{"count":23,"href":"https:\/\/fisicatumi.fica.unsl.edu.ar\/index.php\/wp-json\/wp\/v2\/pages\/1830\/revisions"}],"predecessor-version":[{"id":5418,"href":"https:\/\/fisicatumi.fica.unsl.edu.ar\/index.php\/wp-json\/wp\/v2\/pages\/1830\/revisions\/5418"}],"wp:attachment":[{"href":"https:\/\/fisicatumi.fica.unsl.edu.ar\/index.php\/wp-json\/wp\/v2\/media?parent=1830"}],"curies":[{"name":"wp","href":"https:\/\/api.w.org\/{rel}","templated":true}]}}