{"id":5475,"date":"2026-02-26T23:25:36","date_gmt":"2026-02-27T02:25:36","guid":{"rendered":"https:\/\/fisicatumi.fica.unsl.edu.ar\/?page_id=5475"},"modified":"2026-02-26T23:32:24","modified_gmt":"2026-02-27T02:32:24","slug":"fb_t3_sys","status":"publish","type":"page","link":"https:\/\/fisicatumi.fica.unsl.edu.ar\/index.php\/fb_t3_sys\/","title":{"rendered":"FB_T3_sys"},"content":{"rendered":"\t\t<div data-elementor-type=\"wp-page\" data-elementor-id=\"5475\" class=\"elementor elementor-5475\">\n\t\t\t\t\t\t<section class=\"elementor-section elementor-top-section elementor-element elementor-element-893b194 elementor-section-height-min-height elementor-section-content-middle elementor-section-boxed elementor-section-height-default elementor-section-items-middle\" data-id=\"893b194\" data-element_type=\"section\" data-e-type=\"section\">\n\t\t\t\t\t\t<div class=\"elementor-container elementor-column-gap-default\">\n\t\t\t\t\t<div class=\"elementor-column elementor-col-33 elementor-top-column elementor-element elementor-element-14c70a2\" data-id=\"14c70a2\" data-element_type=\"column\" data-e-type=\"column\">\n\t\t\t<div class=\"elementor-widget-wrap elementor-element-populated\">\n\t\t\t\t\t\t<div class=\"elementor-element elementor-element-6c589bc elementor-widget elementor-widget-image\" data-id=\"6c589bc\" data-element_type=\"widget\" data-e-type=\"widget\" data-widget_type=\"image.default\">\n\t\t\t\t<div class=\"elementor-widget-container\">\n\t\t\t\t\t\t\t\t\t\t\t\t\t\t\t<img decoding=\"async\" src=\"https:\/\/fisicatumi.fica.unsl.edu.ar\/wp-content\/uploads\/2026\/02\/simulacion.gif\" title=\"simulaci\u00f3n\" alt=\"simulaci\u00f3n\" loading=\"lazy\" \/>\t\t\t\t\t\t\t\t\t\t\t\t\t\t\t<\/div>\n\t\t\t\t<\/div>\n\t\t\t\t\t<\/div>\n\t\t<\/div>\n\t\t\t\t<div class=\"elementor-column elementor-col-66 elementor-top-column elementor-element elementor-element-c6d0a71\" data-id=\"c6d0a71\" data-element_type=\"column\" data-e-type=\"column\">\n\t\t\t<div class=\"elementor-widget-wrap elementor-element-populated\">\n\t\t\t\t\t\t<div class=\"elementor-element elementor-element-7211c0e elementor-widget elementor-widget-text-editor\" data-id=\"7211c0e\" data-element_type=\"widget\" data-e-type=\"widget\" data-widget_type=\"text-editor.default\">\n\t\t\t\t<div class=\"elementor-widget-container\">\n\t\t\t\t\t\t\t\t\t<p><span style=\"font-size: 20px; color: #000080;\"><strong>Simulaciones\/Software<\/strong><\/span><\/p>\t\t\t\t\t\t\t\t<\/div>\n\t\t\t\t<\/div>\n\t\t\t\t\t<\/div>\n\t\t<\/div>\n\t\t\t\t\t<\/div>\n\t\t<\/section>\n\t\t\t\t<section class=\"elementor-section elementor-top-section elementor-element elementor-element-913061b elementor-section-boxed elementor-section-height-default elementor-section-height-default\" data-id=\"913061b\" data-element_type=\"section\" data-e-type=\"section\">\n\t\t\t\t\t\t<div class=\"elementor-container elementor-column-gap-default\">\n\t\t\t\t\t<div class=\"elementor-column elementor-col-100 elementor-top-column elementor-element elementor-element-bebaae8\" data-id=\"bebaae8\" data-element_type=\"column\" data-e-type=\"column\">\n\t\t\t<div class=\"elementor-widget-wrap elementor-element-populated\">\n\t\t\t\t\t\t<div class=\"elementor-element elementor-element-0f1b7ce elementor-widget elementor-widget-text-editor\" data-id=\"0f1b7ce\" data-element_type=\"widget\" data-e-type=\"widget\" data-widget_type=\"text-editor.default\">\n\t\t\t\t<div class=\"elementor-widget-container\">\n\t\t\t\t\t\t\t\t\t<p class=\"estilo22\"><span style=\"font-size: 12px;\">Si tienes configurado Google Chrome (como navegador predeterminado) y posees inconvenientes para visualizar alguna simulaci\u00f3n (por problemas de complementos o compatibilidad), copia el link y prueba con alg\u00fan navegador alternativo (p.e. Mozilla Firefox o Internet Explorer).<br \/><\/span><span style=\"font-size: 12px;\">Adicionalmente, hay simulaciones realizadas en flash (extensi\u00f3n .swf), que para poder visualizarlas deberemos bajar una extensi\u00f3n. https:\/\/ruffle.rs\/ Primer bajar la extensi\u00f3n para crome (que figura la final, archivo .zip). Luego hacer clic en el enlace Chrome. Escribe chrome:\/\/extensions\/en la barra de direcciones de Chrome y luego presiona Enter. Active el modo de desarrollador en la esquina superior derecha. Arrastre y suelte el archivo ZIP descargado en la p\u00e1gina.<br \/><\/span><span style=\"font-size: 12px;\">En caso de no puedas solucionarlo cont\u00e1ctate y trataremos de ayudarte!<\/span><\/p>\t\t\t\t\t\t\t\t<\/div>\n\t\t\t\t<\/div>\n\t\t\t\t\t<\/div>\n\t\t<\/div>\n\t\t\t\t\t<\/div>\n\t\t<\/section>\n\t\t\t\t<section class=\"elementor-section elementor-top-section elementor-element elementor-element-f8d2d40 elementor-section-boxed elementor-section-height-default elementor-section-height-default\" data-id=\"f8d2d40\" data-element_type=\"section\" data-e-type=\"section\">\n\t\t\t\t\t\t<div class=\"elementor-container elementor-column-gap-default\">\n\t\t\t\t\t<div class=\"elementor-column elementor-col-33 elementor-top-column elementor-element elementor-element-0180a8d\" data-id=\"0180a8d\" data-element_type=\"column\" data-e-type=\"column\">\n\t\t\t<div class=\"elementor-widget-wrap elementor-element-populated\">\n\t\t\t\t\t\t<div class=\"elementor-element elementor-element-c0f9a33 elementor-widget elementor-widget-text-editor\" data-id=\"c0f9a33\" data-element_type=\"widget\" data-e-type=\"widget\" data-widget_type=\"text-editor.default\">\n\t\t\t\t<div class=\"elementor-widget-container\">\n\t\t\t\t\t\t\t\t\t<p><span style=\"color: #000080;\"><strong>AP_T3_01<\/strong><\/span><\/p><p><span style=\"color: #000000;\">Explora diferentes configuraciones de movimiento de un cuerpo.<\/span><br \/><span style=\"color: #000000;\">Cr\u00e9dito: Tavi Casellas<\/span><\/p><p><span style=\"color: #000000;\">Puntos relacionados con la teor\u00eda:<\/span><br \/><span style=\"color: #000000;\">3.1. Concepto de fuerza.<\/span><br \/><span style=\"color: #000000;\">3.2. Segunda Ley de Newton. Peso y masa. Sistema de unidades. Sistema internacional.<\/span><br \/><span style=\"color: #000000;\">3.4. Aplicaciones de las leyes de Newton al movimiento<\/span><br \/><span style=\"color: #000000;\">3.5. Fuerza de rozamiento. Coeficiente de rozamiento.<\/span><\/p><p><span style=\"color: #000000;\"><a style=\"color: #000000;\" href=\"http:\/\/www.xtec.cat\/~ocasella\/applets\/plaincl\/appletsol2.htm\" target=\"_blank\" rel=\"noopener\">[<span style=\"color: #ff0000;\">Acceso a la simulaci\u00f3n<\/span>]<\/a><\/span><\/p>\t\t\t\t\t\t\t\t<\/div>\n\t\t\t\t<\/div>\n\t\t\t\t\t<\/div>\n\t\t<\/div>\n\t\t\t\t<div class=\"elementor-column elementor-col-66 elementor-top-column elementor-element elementor-element-f7a5c68\" data-id=\"f7a5c68\" data-element_type=\"column\" data-e-type=\"column\">\n\t\t\t<div class=\"elementor-widget-wrap elementor-element-populated\">\n\t\t\t\t\t\t<div class=\"elementor-element elementor-element-46aae18 elementor-widget elementor-widget-image\" data-id=\"46aae18\" data-element_type=\"widget\" data-e-type=\"widget\" data-widget_type=\"image.default\">\n\t\t\t\t<div class=\"elementor-widget-container\">\n\t\t\t\t\t\t\t\t\t\t\t\t\t\t\t<img decoding=\"async\" width=\"200\" height=\"149\" src=\"https:\/\/fisicatumi.fica.unsl.edu.ar\/wp-content\/uploads\/2026\/02\/sys_3_1.png\" class=\"attachment-large size-large wp-image-5481\" alt=\"\" \/>\t\t\t\t\t\t\t\t\t\t\t\t\t\t\t<\/div>\n\t\t\t\t<\/div>\n\t\t\t\t\t<\/div>\n\t\t<\/div>\n\t\t\t\t\t<\/div>\n\t\t<\/section>\n\t\t\t\t<section class=\"elementor-section elementor-top-section elementor-element elementor-element-7da6577 elementor-section-boxed elementor-section-height-default elementor-section-height-default\" data-id=\"7da6577\" data-element_type=\"section\" data-e-type=\"section\">\n\t\t\t\t\t\t<div class=\"elementor-container elementor-column-gap-default\">\n\t\t\t\t\t<div class=\"elementor-column elementor-col-33 elementor-top-column elementor-element elementor-element-c828256\" data-id=\"c828256\" data-element_type=\"column\" data-e-type=\"column\">\n\t\t\t<div class=\"elementor-widget-wrap elementor-element-populated\">\n\t\t\t\t\t\t<div class=\"elementor-element elementor-element-debb6c1 elementor-widget elementor-widget-text-editor\" data-id=\"debb6c1\" data-element_type=\"widget\" data-e-type=\"widget\" data-widget_type=\"text-editor.default\">\n\t\t\t\t<div class=\"elementor-widget-container\">\n\t\t\t\t\t\t\t\t\t<p><span style=\"color: #000080;\"><strong>AP_T3_02<\/strong><\/span><\/p><p><span style=\"color: #000000;\">Explora diferentes configuraciones de movimiento para dos cuerpos unidos mediante una cuerda.<\/span><br \/><span style=\"color: #000000;\">Cr\u00e9dito: Tavi Casellas<\/span><\/p><p><span style=\"color: #000000;\">Puntos relacionados con la teor\u00eda:<\/span><br \/><span style=\"color: #000000;\">3.1. Concepto de fuerza.<\/span><br \/><span style=\"color: #000000;\">3.2. Segunda Ley de Newton. Peso y masa. Sistema de unidades. Sistema internacional.<\/span><br \/><span style=\"color: #000000;\">3.4. Aplicaciones de las leyes de Newton al movimiento<\/span><br \/><span style=\"color: #000000;\">3.5. Fuerza de rozamiento. Coeficiente de rozamiento.<\/span><\/p><p><span style=\"color: #000000;\"><a style=\"color: #000000;\" href=\"http:\/\/www.xtec.cat\/~ocasella\/applets\/2obj\/appletsol2.htm\" target=\"_blank\" rel=\"noopener\">[<span style=\"color: #ff0000;\">Acceso a la simulaci\u00f3n<\/span>]<\/a><\/span><\/p>\t\t\t\t\t\t\t\t<\/div>\n\t\t\t\t<\/div>\n\t\t\t\t\t<\/div>\n\t\t<\/div>\n\t\t\t\t<div class=\"elementor-column elementor-col-66 elementor-top-column elementor-element elementor-element-2784c3c\" data-id=\"2784c3c\" data-element_type=\"column\" data-e-type=\"column\">\n\t\t\t<div class=\"elementor-widget-wrap elementor-element-populated\">\n\t\t\t\t\t\t<div class=\"elementor-element elementor-element-2c321bc elementor-widget elementor-widget-image\" data-id=\"2c321bc\" data-element_type=\"widget\" data-e-type=\"widget\" data-widget_type=\"image.default\">\n\t\t\t\t<div class=\"elementor-widget-container\">\n\t\t\t\t\t\t\t\t\t\t\t\t\t\t\t<img decoding=\"async\" width=\"200\" height=\"155\" src=\"https:\/\/fisicatumi.fica.unsl.edu.ar\/wp-content\/uploads\/2026\/02\/sys_3_2_2.png\" class=\"attachment-large size-large wp-image-5477\" alt=\"\" \/>\t\t\t\t\t\t\t\t\t\t\t\t\t\t\t<\/div>\n\t\t\t\t<\/div>\n\t\t\t\t\t<\/div>\n\t\t<\/div>\n\t\t\t\t\t<\/div>\n\t\t<\/section>\n\t\t\t\t<section class=\"elementor-section elementor-top-section elementor-element elementor-element-17cdb71 elementor-section-boxed elementor-section-height-default elementor-section-height-default\" data-id=\"17cdb71\" data-element_type=\"section\" data-e-type=\"section\">\n\t\t\t\t\t\t<div class=\"elementor-container elementor-column-gap-default\">\n\t\t\t\t\t<div class=\"elementor-column elementor-col-33 elementor-top-column elementor-element elementor-element-7809d80\" data-id=\"7809d80\" data-element_type=\"column\" data-e-type=\"column\">\n\t\t\t<div class=\"elementor-widget-wrap elementor-element-populated\">\n\t\t\t\t\t\t<div class=\"elementor-element elementor-element-984d397 elementor-widget elementor-widget-text-editor\" data-id=\"984d397\" data-element_type=\"widget\" data-e-type=\"widget\" data-widget_type=\"text-editor.default\">\n\t\t\t\t<div class=\"elementor-widget-container\">\n\t\t\t\t\t\t\t\t\t<p><span style=\"color: #000080;\"><strong>AP_T2_03<\/strong><\/span><\/p><p><span style=\"color: #000000;\">Explora las fuerzas en el trabajo cuando tratas de empujar un gabinete. Crea una fuerza aplicada y ve la fuerza de fricci\u00f3n resultante y la fuerza total que act\u00faa sobre el gabinete. Los gr\u00e1ficos muestran la fuerza, posici\u00f3n, velocidad y aceleraci\u00f3n en funci\u00f3n del tiempo. Ve un diagrama de cuerpo libre de todas las fuerzas (incluyendo las fuerzas gravitatorias y normales).<\/span><br \/><span style=\"color: #000000;\">Cr\u00e9dito: Phet &#8211; Universidad de Colorado<\/span><\/p><p><span style=\"color: #000000;\">Puntos relacionados con la teor\u00eda:<\/span><br \/><span style=\"color: #000000;\">3.1. Concepto de fuerza.<\/span><br \/><span style=\"color: #000000;\">3.2. Segunda Ley de Newton. Peso y masa. Sistema de unidades. Sistema internacional.<\/span><br \/><span style=\"color: #000000;\">3.4. Aplicaciones de las leyes de Newton al movimiento<\/span><br \/><span style=\"color: #000000;\">3.5. Fuerza de rozamiento. Coeficiente de rozamiento.<\/span><\/p><p><span style=\"color: #000000;\"><a style=\"color: #000000;\" href=\"https:\/\/phet.colorado.edu\/es\/simulation\/forces-and-motion\" target=\"_blank\" rel=\"noopener\">[<span style=\"color: #ff0000;\">Acceso a la simulaci\u00f3n<\/span>]<\/a><\/span><\/p>\t\t\t\t\t\t\t\t<\/div>\n\t\t\t\t<\/div>\n\t\t\t\t\t<\/div>\n\t\t<\/div>\n\t\t\t\t<div class=\"elementor-column elementor-col-66 elementor-top-column elementor-element elementor-element-9712b2f\" data-id=\"9712b2f\" data-element_type=\"column\" data-e-type=\"column\">\n\t\t\t<div class=\"elementor-widget-wrap elementor-element-populated\">\n\t\t\t\t\t\t<div class=\"elementor-element elementor-element-d381482 elementor-widget elementor-widget-image\" data-id=\"d381482\" data-element_type=\"widget\" data-e-type=\"widget\" data-widget_type=\"image.default\">\n\t\t\t\t<div class=\"elementor-widget-container\">\n\t\t\t\t\t\t\t\t\t\t\t\t\t\t\t<img decoding=\"async\" width=\"200\" height=\"138\" src=\"https:\/\/fisicatumi.fica.unsl.edu.ar\/wp-content\/uploads\/2026\/02\/sys_3_3.png\" class=\"attachment-large size-large wp-image-5479\" alt=\"\" \/>\t\t\t\t\t\t\t\t\t\t\t\t\t\t\t<\/div>\n\t\t\t\t<\/div>\n\t\t\t\t\t<\/div>\n\t\t<\/div>\n\t\t\t\t\t<\/div>\n\t\t<\/section>\n\t\t\t\t<section class=\"elementor-section elementor-top-section elementor-element elementor-element-4c5ca26 elementor-section-boxed elementor-section-height-default elementor-section-height-default\" data-id=\"4c5ca26\" data-element_type=\"section\" data-e-type=\"section\">\n\t\t\t\t\t\t<div class=\"elementor-container elementor-column-gap-default\">\n\t\t\t\t\t<div class=\"elementor-column elementor-col-33 elementor-top-column elementor-element elementor-element-fe53d10\" data-id=\"fe53d10\" data-element_type=\"column\" data-e-type=\"column\">\n\t\t\t<div class=\"elementor-widget-wrap elementor-element-populated\">\n\t\t\t\t\t\t<div class=\"elementor-element elementor-element-5aeea86 elementor-widget elementor-widget-text-editor\" data-id=\"5aeea86\" data-element_type=\"widget\" data-e-type=\"widget\" data-widget_type=\"text-editor.default\">\n\t\t\t\t<div class=\"elementor-widget-container\">\n\t\t\t\t\t\t\t\t\t<p><span style=\"color: #000080;\"><strong>AP_T3_04<\/strong><\/span><\/p><p><span style=\"color: #000000;\">Explora diferentes configuraciones de movimiento de un cuerpo.<\/span><br \/><span style=\"color: #000000;\">Cr\u00e9dito: IBERCAJA Aula en Red<\/span><\/p><p><span style=\"color: #000000;\">Puntos relacionados con la teor\u00eda:<\/span><br \/><span style=\"color: #000000;\">3.1. Concepto de fuerza. Primera Ley de Newton. Principio de inercia.<\/span><br \/><span style=\"color: #000000;\">3.2. Segunda Ley de Newton. Peso y masa. Sistema de unidades. Sistema internacional.<\/span><br \/><span style=\"color: #000000;\">3.3. Tercera Ley de Newton. Principio de acci\u00f3n y reacci\u00f3n.<\/span><\/p><p><span style=\"color: #000000;\"><a style=\"color: #000000;\" href=\"https:\/\/aulaenred.ibercaja.es\/contenidos-didacticos\/leyes-de-newton\/primera-ley-1-3412\/\" target=\"_blank\" rel=\"noopener\">[<span style=\"color: #ff0000;\">Acceso a la simulaci\u00f3n<\/span>]<\/a><\/span><\/p>\t\t\t\t\t\t\t\t<\/div>\n\t\t\t\t<\/div>\n\t\t\t\t\t<\/div>\n\t\t<\/div>\n\t\t\t\t<div class=\"elementor-column elementor-col-66 elementor-top-column elementor-element elementor-element-0bc0c75\" data-id=\"0bc0c75\" data-element_type=\"column\" data-e-type=\"column\">\n\t\t\t<div class=\"elementor-widget-wrap elementor-element-populated\">\n\t\t\t\t\t\t<div class=\"elementor-element elementor-element-fd0457e elementor-widget elementor-widget-image\" data-id=\"fd0457e\" data-element_type=\"widget\" data-e-type=\"widget\" data-widget_type=\"image.default\">\n\t\t\t\t<div class=\"elementor-widget-container\">\n\t\t\t\t\t\t\t\t\t\t\t\t\t\t\t<img loading=\"lazy\" decoding=\"async\" width=\"200\" height=\"149\" src=\"https:\/\/fisicatumi.fica.unsl.edu.ar\/wp-content\/uploads\/2026\/02\/SyS_T3_4.png\" class=\"attachment-large size-large wp-image-5482\" alt=\"\" \/>\t\t\t\t\t\t\t\t\t\t\t\t\t\t\t<\/div>\n\t\t\t\t<\/div>\n\t\t\t\t\t<\/div>\n\t\t<\/div>\n\t\t\t\t\t<\/div>\n\t\t<\/section>\n\t\t\t\t<section class=\"elementor-section elementor-top-section elementor-element elementor-element-da85ebb elementor-section-boxed elementor-section-height-default elementor-section-height-default\" data-id=\"da85ebb\" data-element_type=\"section\" data-e-type=\"section\">\n\t\t\t\t\t\t<div class=\"elementor-container elementor-column-gap-default\">\n\t\t\t\t\t<div class=\"elementor-column elementor-col-100 elementor-top-column elementor-element elementor-element-160b456\" data-id=\"160b456\" data-element_type=\"column\" data-e-type=\"column\">\n\t\t\t<div class=\"elementor-widget-wrap\">\n\t\t\t\t\t\t\t<\/div>\n\t\t<\/div>\n\t\t\t\t\t<\/div>\n\t\t<\/section>\n\t\t\t\t<\/div>\n\t\t","protected":false},"excerpt":{"rendered":"<p>Simulaciones\/Software Si tienes configurado Google Chrome (como navegador predeterminado) y posees inconvenientes para visualizar alguna simulaci\u00f3n (por problemas de complementos o compatibilidad), copia el link&hellip;<\/p>\n","protected":false},"author":7,"featured_media":0,"parent":0,"menu_order":0,"comment_status":"closed","ping_status":"closed","template":"elementor_header_footer","meta":{"_monsterinsights_skip_tracking":false,"_monsterinsights_sitenote_active":false,"_monsterinsights_sitenote_note":"","_monsterinsights_sitenote_category":0,"footnotes":""},"class_list":["post-5475","page","type-page","status-publish","hentry"],"yoast_head":"<!-- This site is optimized with the Yoast SEO plugin v27.0 - https:\/\/yoast.com\/product\/yoast-seo-wordpress\/ -->\n<title>FB_T3_sys - F\u00edsica TUMI<\/title>\n<meta name=\"robots\" content=\"index, follow, max-snippet:-1, max-image-preview:large, max-video-preview:-1\" \/>\n<link rel=\"canonical\" href=\"https:\/\/fisicatumi.fica.unsl.edu.ar\/index.php\/fb_t3_sys\/\" \/>\n<meta property=\"og:locale\" content=\"es_ES\" \/>\n<meta property=\"og:type\" content=\"article\" \/>\n<meta property=\"og:title\" content=\"FB_T3_sys - F\u00edsica TUMI\" \/>\n<meta property=\"og:description\" content=\"Simulaciones\/Software Si tienes configurado Google Chrome (como navegador predeterminado) y posees inconvenientes para visualizar alguna simulaci\u00f3n (por problemas de complementos o compatibilidad), copia el link&hellip;\" \/>\n<meta property=\"og:url\" content=\"https:\/\/fisicatumi.fica.unsl.edu.ar\/index.php\/fb_t3_sys\/\" \/>\n<meta property=\"og:site_name\" content=\"F\u00edsica TUMI\" \/>\n<meta property=\"article:modified_time\" content=\"2026-02-27T02:32:24+00:00\" \/>\n<meta property=\"og:image\" content=\"https:\/\/fisicatumi.fica.unsl.edu.ar\/wp-content\/uploads\/2026\/02\/simulacion.gif\" \/>\n<meta name=\"twitter:card\" content=\"summary_large_image\" \/>\n<meta name=\"twitter:label1\" content=\"Tiempo de lectura\" \/>\n\t<meta name=\"twitter:data1\" content=\"3 minutos\" \/>\n<script type=\"application\/ld+json\" class=\"yoast-schema-graph\">{\"@context\":\"https:\/\/schema.org\",\"@graph\":[{\"@type\":\"WebPage\",\"@id\":\"https:\/\/fisicatumi.fica.unsl.edu.ar\/index.php\/fb_t3_sys\/\",\"url\":\"https:\/\/fisicatumi.fica.unsl.edu.ar\/index.php\/fb_t3_sys\/\",\"name\":\"FB_T3_sys - F\u00edsica TUMI\",\"isPartOf\":{\"@id\":\"https:\/\/fisicatumi.fica.unsl.edu.ar\/#website\"},\"primaryImageOfPage\":{\"@id\":\"https:\/\/fisicatumi.fica.unsl.edu.ar\/index.php\/fb_t3_sys\/#primaryimage\"},\"image\":{\"@id\":\"https:\/\/fisicatumi.fica.unsl.edu.ar\/index.php\/fb_t3_sys\/#primaryimage\"},\"thumbnailUrl\":\"https:\/\/fisicatumi.fica.unsl.edu.ar\/wp-content\/uploads\/2026\/02\/simulacion.gif\",\"datePublished\":\"2026-02-27T02:25:36+00:00\",\"dateModified\":\"2026-02-27T02:32:24+00:00\",\"breadcrumb\":{\"@id\":\"https:\/\/fisicatumi.fica.unsl.edu.ar\/index.php\/fb_t3_sys\/#breadcrumb\"},\"inLanguage\":\"es-AR\",\"potentialAction\":[{\"@type\":\"ReadAction\",\"target\":[\"https:\/\/fisicatumi.fica.unsl.edu.ar\/index.php\/fb_t3_sys\/\"]}]},{\"@type\":\"ImageObject\",\"inLanguage\":\"es-AR\",\"@id\":\"https:\/\/fisicatumi.fica.unsl.edu.ar\/index.php\/fb_t3_sys\/#primaryimage\",\"url\":\"https:\/\/fisicatumi.fica.unsl.edu.ar\/wp-content\/uploads\/2026\/02\/simulacion.gif\",\"contentUrl\":\"https:\/\/fisicatumi.fica.unsl.edu.ar\/wp-content\/uploads\/2026\/02\/simulacion.gif\",\"width\":640,\"height\":640},{\"@type\":\"BreadcrumbList\",\"@id\":\"https:\/\/fisicatumi.fica.unsl.edu.ar\/index.php\/fb_t3_sys\/#breadcrumb\",\"itemListElement\":[{\"@type\":\"ListItem\",\"position\":1,\"name\":\"Inicio\",\"item\":\"https:\/\/fisicatumi.fica.unsl.edu.ar\/\"},{\"@type\":\"ListItem\",\"position\":2,\"name\":\"FB_T3_sys\"}]},{\"@type\":\"WebSite\",\"@id\":\"https:\/\/fisicatumi.fica.unsl.edu.ar\/#website\",\"url\":\"https:\/\/fisicatumi.fica.unsl.edu.ar\/\",\"name\":\"F\u00edsica TUMI\",\"description\":\"FICA - UNSL\",\"publisher\":{\"@id\":\"https:\/\/fisicatumi.fica.unsl.edu.ar\/#organization\"},\"potentialAction\":[{\"@type\":\"SearchAction\",\"target\":{\"@type\":\"EntryPoint\",\"urlTemplate\":\"https:\/\/fisicatumi.fica.unsl.edu.ar\/?s={search_term_string}\"},\"query-input\":{\"@type\":\"PropertyValueSpecification\",\"valueRequired\":true,\"valueName\":\"search_term_string\"}}],\"inLanguage\":\"es-AR\"},{\"@type\":\"Organization\",\"@id\":\"https:\/\/fisicatumi.fica.unsl.edu.ar\/#organization\",\"name\":\"SAC- Secretar\u00eda General FICA\",\"url\":\"https:\/\/fisicatumi.fica.unsl.edu.ar\/\",\"logo\":{\"@type\":\"ImageObject\",\"inLanguage\":\"es-AR\",\"@id\":\"https:\/\/fisicatumi.fica.unsl.edu.ar\/#\/schema\/logo\/image\/\",\"url\":\"https:\/\/fisicatumi.fica.unsl.edu.ar\/wp-content\/uploads\/2021\/11\/SG-Logo.png\",\"contentUrl\":\"https:\/\/fisicatumi.fica.unsl.edu.ar\/wp-content\/uploads\/2021\/11\/SG-Logo.png\",\"width\":4483,\"height\":1231,\"caption\":\"SAC- Secretar\u00eda General FICA\"},\"image\":{\"@id\":\"https:\/\/fisicatumi.fica.unsl.edu.ar\/#\/schema\/logo\/image\/\"}}]}<\/script>\n<!-- \/ Yoast SEO plugin. -->","yoast_head_json":{"title":"FB_T3_sys - F\u00edsica TUMI","robots":{"index":"index","follow":"follow","max-snippet":"max-snippet:-1","max-image-preview":"max-image-preview:large","max-video-preview":"max-video-preview:-1"},"canonical":"https:\/\/fisicatumi.fica.unsl.edu.ar\/index.php\/fb_t3_sys\/","og_locale":"es_ES","og_type":"article","og_title":"FB_T3_sys - F\u00edsica TUMI","og_description":"Simulaciones\/Software Si tienes configurado Google Chrome (como navegador predeterminado) y posees inconvenientes para visualizar alguna simulaci\u00f3n (por problemas de complementos o compatibilidad), copia el link&hellip;","og_url":"https:\/\/fisicatumi.fica.unsl.edu.ar\/index.php\/fb_t3_sys\/","og_site_name":"F\u00edsica TUMI","article_modified_time":"2026-02-27T02:32:24+00:00","og_image":[{"url":"https:\/\/fisicatumi.fica.unsl.edu.ar\/wp-content\/uploads\/2026\/02\/simulacion.gif","type":"","width":"","height":""}],"twitter_card":"summary_large_image","twitter_misc":{"Tiempo de lectura":"3 minutos"},"schema":{"@context":"https:\/\/schema.org","@graph":[{"@type":"WebPage","@id":"https:\/\/fisicatumi.fica.unsl.edu.ar\/index.php\/fb_t3_sys\/","url":"https:\/\/fisicatumi.fica.unsl.edu.ar\/index.php\/fb_t3_sys\/","name":"FB_T3_sys - F\u00edsica TUMI","isPartOf":{"@id":"https:\/\/fisicatumi.fica.unsl.edu.ar\/#website"},"primaryImageOfPage":{"@id":"https:\/\/fisicatumi.fica.unsl.edu.ar\/index.php\/fb_t3_sys\/#primaryimage"},"image":{"@id":"https:\/\/fisicatumi.fica.unsl.edu.ar\/index.php\/fb_t3_sys\/#primaryimage"},"thumbnailUrl":"https:\/\/fisicatumi.fica.unsl.edu.ar\/wp-content\/uploads\/2026\/02\/simulacion.gif","datePublished":"2026-02-27T02:25:36+00:00","dateModified":"2026-02-27T02:32:24+00:00","breadcrumb":{"@id":"https:\/\/fisicatumi.fica.unsl.edu.ar\/index.php\/fb_t3_sys\/#breadcrumb"},"inLanguage":"es-AR","potentialAction":[{"@type":"ReadAction","target":["https:\/\/fisicatumi.fica.unsl.edu.ar\/index.php\/fb_t3_sys\/"]}]},{"@type":"ImageObject","inLanguage":"es-AR","@id":"https:\/\/fisicatumi.fica.unsl.edu.ar\/index.php\/fb_t3_sys\/#primaryimage","url":"https:\/\/fisicatumi.fica.unsl.edu.ar\/wp-content\/uploads\/2026\/02\/simulacion.gif","contentUrl":"https:\/\/fisicatumi.fica.unsl.edu.ar\/wp-content\/uploads\/2026\/02\/simulacion.gif","width":640,"height":640},{"@type":"BreadcrumbList","@id":"https:\/\/fisicatumi.fica.unsl.edu.ar\/index.php\/fb_t3_sys\/#breadcrumb","itemListElement":[{"@type":"ListItem","position":1,"name":"Inicio","item":"https:\/\/fisicatumi.fica.unsl.edu.ar\/"},{"@type":"ListItem","position":2,"name":"FB_T3_sys"}]},{"@type":"WebSite","@id":"https:\/\/fisicatumi.fica.unsl.edu.ar\/#website","url":"https:\/\/fisicatumi.fica.unsl.edu.ar\/","name":"F\u00edsica TUMI","description":"FICA - UNSL","publisher":{"@id":"https:\/\/fisicatumi.fica.unsl.edu.ar\/#organization"},"potentialAction":[{"@type":"SearchAction","target":{"@type":"EntryPoint","urlTemplate":"https:\/\/fisicatumi.fica.unsl.edu.ar\/?s={search_term_string}"},"query-input":{"@type":"PropertyValueSpecification","valueRequired":true,"valueName":"search_term_string"}}],"inLanguage":"es-AR"},{"@type":"Organization","@id":"https:\/\/fisicatumi.fica.unsl.edu.ar\/#organization","name":"SAC- Secretar\u00eda General FICA","url":"https:\/\/fisicatumi.fica.unsl.edu.ar\/","logo":{"@type":"ImageObject","inLanguage":"es-AR","@id":"https:\/\/fisicatumi.fica.unsl.edu.ar\/#\/schema\/logo\/image\/","url":"https:\/\/fisicatumi.fica.unsl.edu.ar\/wp-content\/uploads\/2021\/11\/SG-Logo.png","contentUrl":"https:\/\/fisicatumi.fica.unsl.edu.ar\/wp-content\/uploads\/2021\/11\/SG-Logo.png","width":4483,"height":1231,"caption":"SAC- Secretar\u00eda General FICA"},"image":{"@id":"https:\/\/fisicatumi.fica.unsl.edu.ar\/#\/schema\/logo\/image\/"}}]}},"_links":{"self":[{"href":"https:\/\/fisicatumi.fica.unsl.edu.ar\/index.php\/wp-json\/wp\/v2\/pages\/5475","targetHints":{"allow":["GET"]}}],"collection":[{"href":"https:\/\/fisicatumi.fica.unsl.edu.ar\/index.php\/wp-json\/wp\/v2\/pages"}],"about":[{"href":"https:\/\/fisicatumi.fica.unsl.edu.ar\/index.php\/wp-json\/wp\/v2\/types\/page"}],"author":[{"embeddable":true,"href":"https:\/\/fisicatumi.fica.unsl.edu.ar\/index.php\/wp-json\/wp\/v2\/users\/7"}],"replies":[{"embeddable":true,"href":"https:\/\/fisicatumi.fica.unsl.edu.ar\/index.php\/wp-json\/wp\/v2\/comments?post=5475"}],"version-history":[{"count":7,"href":"https:\/\/fisicatumi.fica.unsl.edu.ar\/index.php\/wp-json\/wp\/v2\/pages\/5475\/revisions"}],"predecessor-version":[{"id":5488,"href":"https:\/\/fisicatumi.fica.unsl.edu.ar\/index.php\/wp-json\/wp\/v2\/pages\/5475\/revisions\/5488"}],"wp:attachment":[{"href":"https:\/\/fisicatumi.fica.unsl.edu.ar\/index.php\/wp-json\/wp\/v2\/media?parent=5475"}],"curies":[{"name":"wp","href":"https:\/\/api.w.org\/{rel}","templated":true}]}}