{"id":5582,"date":"2026-02-27T12:25:22","date_gmt":"2026-02-27T15:25:22","guid":{"rendered":"https:\/\/fisicatumi.fica.unsl.edu.ar\/?page_id=5582"},"modified":"2026-02-27T12:28:16","modified_gmt":"2026-02-27T15:28:16","slug":"fb_p4_est","status":"publish","type":"page","link":"https:\/\/fisicatumi.fica.unsl.edu.ar\/index.php\/fb_p4_est\/","title":{"rendered":"FB_P4_est"},"content":{"rendered":"\t\t<div data-elementor-type=\"wp-page\" data-elementor-id=\"5582\" class=\"elementor elementor-5582\">\n\t\t\t\t\t\t<section class=\"elementor-section elementor-top-section elementor-element elementor-element-16290ce elementor-section-height-min-height elementor-section-content-middle elementor-section-boxed elementor-section-height-default elementor-section-items-middle\" data-id=\"16290ce\" data-element_type=\"section\" data-e-type=\"section\">\n\t\t\t\t\t\t<div class=\"elementor-container elementor-column-gap-default\">\n\t\t\t\t\t<div class=\"elementor-column elementor-col-33 elementor-top-column elementor-element elementor-element-95ab741\" data-id=\"95ab741\" data-element_type=\"column\" data-e-type=\"column\">\n\t\t\t<div class=\"elementor-widget-wrap elementor-element-populated\">\n\t\t\t\t\t\t<div class=\"elementor-element elementor-element-8a58345 elementor-widget elementor-widget-image\" data-id=\"8a58345\" data-element_type=\"widget\" data-e-type=\"widget\" data-widget_type=\"image.default\">\n\t\t\t\t<div class=\"elementor-widget-container\">\n\t\t\t\t\t\t\t\t\t\t\t\t\t\t\t<img decoding=\"async\" src=\"https:\/\/fisicatumi.fica.unsl.edu.ar\/wp-content\/uploads\/2026\/02\/estrategia.gif\" title=\"\" alt=\"\" loading=\"lazy\" \/>\t\t\t\t\t\t\t\t\t\t\t\t\t\t\t<\/div>\n\t\t\t\t<\/div>\n\t\t\t\t\t<\/div>\n\t\t<\/div>\n\t\t\t\t<div class=\"elementor-column elementor-col-66 elementor-top-column elementor-element elementor-element-47d728b\" data-id=\"47d728b\" data-element_type=\"column\" data-e-type=\"column\">\n\t\t\t<div class=\"elementor-widget-wrap elementor-element-populated\">\n\t\t\t\t\t\t<div class=\"elementor-element elementor-element-86f9678 elementor-widget elementor-widget-text-editor\" data-id=\"86f9678\" data-element_type=\"widget\" data-e-type=\"widget\" data-widget_type=\"text-editor.default\">\n\t\t\t\t<div class=\"elementor-widget-container\">\n\t\t\t\t\t\t\t\t\t<p><span style=\"font-size: 20px; color: #000080;\"><strong>Estrategias<\/strong><\/span><\/p>\t\t\t\t\t\t\t\t<\/div>\n\t\t\t\t<\/div>\n\t\t\t\t\t<\/div>\n\t\t<\/div>\n\t\t\t\t\t<\/div>\n\t\t<\/section>\n\t\t\t\t<section class=\"elementor-section elementor-top-section elementor-element elementor-element-c58fab0 elementor-section-full_width elementor-section-height-default elementor-section-height-default\" data-id=\"c58fab0\" data-element_type=\"section\" data-e-type=\"section\">\n\t\t\t\t\t\t<div class=\"elementor-container elementor-column-gap-default\">\n\t\t\t\t\t<div class=\"elementor-column elementor-col-100 elementor-top-column elementor-element elementor-element-65fd76b\" data-id=\"65fd76b\" data-element_type=\"column\" data-e-type=\"column\">\n\t\t\t<div class=\"elementor-widget-wrap elementor-element-populated\">\n\t\t\t\t\t\t<div class=\"elementor-element elementor-element-0deb2f2 elementor-widget elementor-widget-text-editor\" data-id=\"0deb2f2\" data-element_type=\"widget\" data-e-type=\"widget\" data-widget_type=\"text-editor.default\">\n\t\t\t\t<div class=\"elementor-widget-container\">\n\t\t\t\t\t\t\t\t\t<p><span class=\"Estilo20\" style=\"color: #000000;\"><span class=\"Estilo23\"><span style=\"color: #000080;\"><strong>Estrategias generales<\/strong><\/span>:<\/span><\/span><br \/><span class=\"Estilo24\" style=\"color: #000000;\"><span class=\"Estilo24\"><br \/>Pasos b\u00e1sicos comunes para resoluci\u00f3n de problemas:<\/span><\/span><\/p><ol><li style=\"list-style-type: none;\"><ol class=\"Estilo24\"><li><span style=\"color: #000000;\">Lea e interprete correctamente el enunciado del problema, si fuera necesario lealo nuevamente.<\/span><\/li><li><span style=\"color: #000000;\">Dibuje un diagrama con leyendas apropiadas y, si fuera necesario, ejes de coordenadas.<\/span><\/li><li><span style=\"color: #000000;\">Cuando examine lo que se le pide en el problema, identifique el principio (o principios) f\u00edsico b\u00e1sico que est\u00e1 impl\u00edcito, listando las cantidades conocidas y las inc\u00f3gnitas.<\/span><\/li><li><span style=\"color: #000000;\">Seleccione una relaci\u00f3n b\u00e1sica o deduzca una ecuaci\u00f3n que pueda utilizarse para encontrar la inc\u00f3gnita y resuelva simb\u00f3licamente la ecuaci\u00f3n para la inc\u00f3gnita.<\/span><\/li><li><span style=\"color: #000000;\">Sustituya los valores dados junto con las unidades apropiadas en la ecuaci\u00f3n.<\/span><\/li><li><span style=\"color: #000000;\"><span style=\"color: #000000;\">Obtenga un valor num\u00e9rico para la inc\u00f3gnita. El problema se verifica y se indica con una marca si las siguientes preguntas pueden contestarse apropiadamente: \u00bfConcuerdan las unidades? \u00bfLa repuesta es razonable? \u00bfEl signo m\u00e1s o menos es apropiado o incluso es muy importante?<\/span><\/span><\/li><\/ol><\/li><\/ol><p><span style=\"color: #000000;\"><span class=\"Estilo25\"><strong><span style=\"color: #000080;\">Estrategias particulares<\/span><\/strong>:<\/span><\/span><\/p><ol><li style=\"list-style-type: none;\"><ol><li style=\"text-align: left;\"><span style=\"color: #000000;\">Dibuje un diagrama de cuerpo libre, que muestre todas las fuerzas que act\u00faan sobre cada objeto bajo consideraci\u00f3n. Aseg\u00farese de identificar la fuente de cada fuerza (tensi\u00f3n en una cuerda, gravedad de la Tierra, fricci\u00f3n, fuerza normal, etc\u00e9tera). No incluya algo que no corresponda (como una fuerza centr\u00edfuga).<\/span><\/li><li style=\"text-align: left;\"><span style=\"color: #000000;\">Determine cu\u00e1l de las fuerzas, o cu\u00e1l de sus componentes, act\u00faa para proporcionar la aceleraci\u00f3n centr\u00edpeta; esto es, todas las fuerzas o componentes que act\u00faan de manera radial, hacia el centro o alej\u00e1ndose de \u00e9l en la trayectoria circular. La suma de dichas fuerzas (o componentes) proporciona la aceleraci\u00f3n centr\u00edpeta, \ud835\udc4e<span style=\"font-size: 10px;\">\ud835\udc50<\/span>=\ud835\udc5a\ud835\udc63\u00b2\ud835\udc5f<\/span><\/li><li style=\"text-align: left;\"><span style=\"color: #000000;\">Elija un sistema coordenado conveniente, de preferencia con un eje a lo largo de la direcci\u00f3n de la aceleraci\u00f3n.<\/span><\/li><li style=\"text-align: left;\"><span style=\"color: #000000;\">Aplique la segunda ley de Newton al componente radial: \u03a3\ud835\udc39=\ud835\udc5a \ud835\udc4e<span style=\"font-size: 10px;\">\ud835\udc50<\/span>=\ud835\udc5a\ud835\udc63\u00b2\ud835\udc5f<\/span><\/li><\/ol><\/li><\/ol>\t\t\t\t\t\t\t\t<\/div>\n\t\t\t\t<\/div>\n\t\t\t\t\t<\/div>\n\t\t<\/div>\n\t\t\t\t\t<\/div>\n\t\t<\/section>\n\t\t\t\t<\/div>\n\t\t","protected":false},"excerpt":{"rendered":"<p>Estrategias Estrategias generales: Pasos b\u00e1sicos comunes para resoluci\u00f3n de problemas: Lea e interprete correctamente el enunciado del problema, si fuera necesario lealo nuevamente. Dibuje un&hellip;<\/p>\n","protected":false},"author":7,"featured_media":0,"parent":0,"menu_order":0,"comment_status":"closed","ping_status":"closed","template":"elementor_header_footer","meta":{"_monsterinsights_skip_tracking":false,"_monsterinsights_sitenote_active":false,"_monsterinsights_sitenote_note":"","_monsterinsights_sitenote_category":0,"footnotes":""},"class_list":["post-5582","page","type-page","status-publish","hentry"],"yoast_head":"<!-- This site is optimized with the Yoast SEO plugin v27.0 - https:\/\/yoast.com\/product\/yoast-seo-wordpress\/ -->\n<title>FB_P4_est - F\u00edsica TUMI<\/title>\n<meta name=\"robots\" content=\"index, follow, max-snippet:-1, max-image-preview:large, max-video-preview:-1\" \/>\n<link rel=\"canonical\" href=\"https:\/\/fisicatumi.fica.unsl.edu.ar\/index.php\/fb_p4_est\/\" \/>\n<meta property=\"og:locale\" content=\"es_ES\" \/>\n<meta property=\"og:type\" content=\"article\" \/>\n<meta property=\"og:title\" content=\"FB_P4_est - F\u00edsica TUMI\" \/>\n<meta property=\"og:description\" content=\"Estrategias Estrategias generales: Pasos b\u00e1sicos comunes para resoluci\u00f3n de problemas: Lea e interprete correctamente el enunciado del problema, si fuera necesario lealo nuevamente. Dibuje un&hellip;\" \/>\n<meta property=\"og:url\" content=\"https:\/\/fisicatumi.fica.unsl.edu.ar\/index.php\/fb_p4_est\/\" \/>\n<meta property=\"og:site_name\" content=\"F\u00edsica TUMI\" \/>\n<meta property=\"article:modified_time\" content=\"2026-02-27T15:28:16+00:00\" \/>\n<meta property=\"og:image\" content=\"https:\/\/fisicatumi.fica.unsl.edu.ar\/wp-content\/uploads\/2026\/02\/estrategia.gif\" \/>\n<meta name=\"twitter:card\" content=\"summary_large_image\" \/>\n<meta name=\"twitter:label1\" content=\"Tiempo de lectura\" \/>\n\t<meta name=\"twitter:data1\" content=\"2 minutos\" \/>\n<script type=\"application\/ld+json\" class=\"yoast-schema-graph\">{\"@context\":\"https:\/\/schema.org\",\"@graph\":[{\"@type\":\"WebPage\",\"@id\":\"https:\/\/fisicatumi.fica.unsl.edu.ar\/index.php\/fb_p4_est\/\",\"url\":\"https:\/\/fisicatumi.fica.unsl.edu.ar\/index.php\/fb_p4_est\/\",\"name\":\"FB_P4_est - F\u00edsica TUMI\",\"isPartOf\":{\"@id\":\"https:\/\/fisicatumi.fica.unsl.edu.ar\/#website\"},\"primaryImageOfPage\":{\"@id\":\"https:\/\/fisicatumi.fica.unsl.edu.ar\/index.php\/fb_p4_est\/#primaryimage\"},\"image\":{\"@id\":\"https:\/\/fisicatumi.fica.unsl.edu.ar\/index.php\/fb_p4_est\/#primaryimage\"},\"thumbnailUrl\":\"https:\/\/fisicatumi.fica.unsl.edu.ar\/wp-content\/uploads\/2026\/02\/estrategia.gif\",\"datePublished\":\"2026-02-27T15:25:22+00:00\",\"dateModified\":\"2026-02-27T15:28:16+00:00\",\"breadcrumb\":{\"@id\":\"https:\/\/fisicatumi.fica.unsl.edu.ar\/index.php\/fb_p4_est\/#breadcrumb\"},\"inLanguage\":\"es-AR\",\"potentialAction\":[{\"@type\":\"ReadAction\",\"target\":[\"https:\/\/fisicatumi.fica.unsl.edu.ar\/index.php\/fb_p4_est\/\"]}]},{\"@type\":\"ImageObject\",\"inLanguage\":\"es-AR\",\"@id\":\"https:\/\/fisicatumi.fica.unsl.edu.ar\/index.php\/fb_p4_est\/#primaryimage\",\"url\":\"\",\"contentUrl\":\"\"},{\"@type\":\"BreadcrumbList\",\"@id\":\"https:\/\/fisicatumi.fica.unsl.edu.ar\/index.php\/fb_p4_est\/#breadcrumb\",\"itemListElement\":[{\"@type\":\"ListItem\",\"position\":1,\"name\":\"Inicio\",\"item\":\"https:\/\/fisicatumi.fica.unsl.edu.ar\/\"},{\"@type\":\"ListItem\",\"position\":2,\"name\":\"FB_P4_est\"}]},{\"@type\":\"WebSite\",\"@id\":\"https:\/\/fisicatumi.fica.unsl.edu.ar\/#website\",\"url\":\"https:\/\/fisicatumi.fica.unsl.edu.ar\/\",\"name\":\"F\u00edsica TUMI\",\"description\":\"FICA - UNSL\",\"publisher\":{\"@id\":\"https:\/\/fisicatumi.fica.unsl.edu.ar\/#organization\"},\"potentialAction\":[{\"@type\":\"SearchAction\",\"target\":{\"@type\":\"EntryPoint\",\"urlTemplate\":\"https:\/\/fisicatumi.fica.unsl.edu.ar\/?s={search_term_string}\"},\"query-input\":{\"@type\":\"PropertyValueSpecification\",\"valueRequired\":true,\"valueName\":\"search_term_string\"}}],\"inLanguage\":\"es-AR\"},{\"@type\":\"Organization\",\"@id\":\"https:\/\/fisicatumi.fica.unsl.edu.ar\/#organization\",\"name\":\"SAC- Secretar\u00eda General FICA\",\"url\":\"https:\/\/fisicatumi.fica.unsl.edu.ar\/\",\"logo\":{\"@type\":\"ImageObject\",\"inLanguage\":\"es-AR\",\"@id\":\"https:\/\/fisicatumi.fica.unsl.edu.ar\/#\/schema\/logo\/image\/\",\"url\":\"https:\/\/fisicatumi.fica.unsl.edu.ar\/wp-content\/uploads\/2021\/11\/SG-Logo.png\",\"contentUrl\":\"https:\/\/fisicatumi.fica.unsl.edu.ar\/wp-content\/uploads\/2021\/11\/SG-Logo.png\",\"width\":4483,\"height\":1231,\"caption\":\"SAC- Secretar\u00eda General FICA\"},\"image\":{\"@id\":\"https:\/\/fisicatumi.fica.unsl.edu.ar\/#\/schema\/logo\/image\/\"}}]}<\/script>\n<!-- \/ Yoast SEO plugin. -->","yoast_head_json":{"title":"FB_P4_est - F\u00edsica TUMI","robots":{"index":"index","follow":"follow","max-snippet":"max-snippet:-1","max-image-preview":"max-image-preview:large","max-video-preview":"max-video-preview:-1"},"canonical":"https:\/\/fisicatumi.fica.unsl.edu.ar\/index.php\/fb_p4_est\/","og_locale":"es_ES","og_type":"article","og_title":"FB_P4_est - F\u00edsica TUMI","og_description":"Estrategias Estrategias generales: Pasos b\u00e1sicos comunes para resoluci\u00f3n de problemas: Lea e interprete correctamente el enunciado del problema, si fuera necesario lealo nuevamente. Dibuje un&hellip;","og_url":"https:\/\/fisicatumi.fica.unsl.edu.ar\/index.php\/fb_p4_est\/","og_site_name":"F\u00edsica TUMI","article_modified_time":"2026-02-27T15:28:16+00:00","og_image":[{"url":"https:\/\/fisicatumi.fica.unsl.edu.ar\/wp-content\/uploads\/2026\/02\/estrategia.gif","type":"","width":"","height":""}],"twitter_card":"summary_large_image","twitter_misc":{"Tiempo de lectura":"2 minutos"},"schema":{"@context":"https:\/\/schema.org","@graph":[{"@type":"WebPage","@id":"https:\/\/fisicatumi.fica.unsl.edu.ar\/index.php\/fb_p4_est\/","url":"https:\/\/fisicatumi.fica.unsl.edu.ar\/index.php\/fb_p4_est\/","name":"FB_P4_est - F\u00edsica TUMI","isPartOf":{"@id":"https:\/\/fisicatumi.fica.unsl.edu.ar\/#website"},"primaryImageOfPage":{"@id":"https:\/\/fisicatumi.fica.unsl.edu.ar\/index.php\/fb_p4_est\/#primaryimage"},"image":{"@id":"https:\/\/fisicatumi.fica.unsl.edu.ar\/index.php\/fb_p4_est\/#primaryimage"},"thumbnailUrl":"https:\/\/fisicatumi.fica.unsl.edu.ar\/wp-content\/uploads\/2026\/02\/estrategia.gif","datePublished":"2026-02-27T15:25:22+00:00","dateModified":"2026-02-27T15:28:16+00:00","breadcrumb":{"@id":"https:\/\/fisicatumi.fica.unsl.edu.ar\/index.php\/fb_p4_est\/#breadcrumb"},"inLanguage":"es-AR","potentialAction":[{"@type":"ReadAction","target":["https:\/\/fisicatumi.fica.unsl.edu.ar\/index.php\/fb_p4_est\/"]}]},{"@type":"ImageObject","inLanguage":"es-AR","@id":"https:\/\/fisicatumi.fica.unsl.edu.ar\/index.php\/fb_p4_est\/#primaryimage","url":"","contentUrl":""},{"@type":"BreadcrumbList","@id":"https:\/\/fisicatumi.fica.unsl.edu.ar\/index.php\/fb_p4_est\/#breadcrumb","itemListElement":[{"@type":"ListItem","position":1,"name":"Inicio","item":"https:\/\/fisicatumi.fica.unsl.edu.ar\/"},{"@type":"ListItem","position":2,"name":"FB_P4_est"}]},{"@type":"WebSite","@id":"https:\/\/fisicatumi.fica.unsl.edu.ar\/#website","url":"https:\/\/fisicatumi.fica.unsl.edu.ar\/","name":"F\u00edsica TUMI","description":"FICA - UNSL","publisher":{"@id":"https:\/\/fisicatumi.fica.unsl.edu.ar\/#organization"},"potentialAction":[{"@type":"SearchAction","target":{"@type":"EntryPoint","urlTemplate":"https:\/\/fisicatumi.fica.unsl.edu.ar\/?s={search_term_string}"},"query-input":{"@type":"PropertyValueSpecification","valueRequired":true,"valueName":"search_term_string"}}],"inLanguage":"es-AR"},{"@type":"Organization","@id":"https:\/\/fisicatumi.fica.unsl.edu.ar\/#organization","name":"SAC- Secretar\u00eda General FICA","url":"https:\/\/fisicatumi.fica.unsl.edu.ar\/","logo":{"@type":"ImageObject","inLanguage":"es-AR","@id":"https:\/\/fisicatumi.fica.unsl.edu.ar\/#\/schema\/logo\/image\/","url":"https:\/\/fisicatumi.fica.unsl.edu.ar\/wp-content\/uploads\/2021\/11\/SG-Logo.png","contentUrl":"https:\/\/fisicatumi.fica.unsl.edu.ar\/wp-content\/uploads\/2021\/11\/SG-Logo.png","width":4483,"height":1231,"caption":"SAC- Secretar\u00eda General FICA"},"image":{"@id":"https:\/\/fisicatumi.fica.unsl.edu.ar\/#\/schema\/logo\/image\/"}}]}},"_links":{"self":[{"href":"https:\/\/fisicatumi.fica.unsl.edu.ar\/index.php\/wp-json\/wp\/v2\/pages\/5582","targetHints":{"allow":["GET"]}}],"collection":[{"href":"https:\/\/fisicatumi.fica.unsl.edu.ar\/index.php\/wp-json\/wp\/v2\/pages"}],"about":[{"href":"https:\/\/fisicatumi.fica.unsl.edu.ar\/index.php\/wp-json\/wp\/v2\/types\/page"}],"author":[{"embeddable":true,"href":"https:\/\/fisicatumi.fica.unsl.edu.ar\/index.php\/wp-json\/wp\/v2\/users\/7"}],"replies":[{"embeddable":true,"href":"https:\/\/fisicatumi.fica.unsl.edu.ar\/index.php\/wp-json\/wp\/v2\/comments?post=5582"}],"version-history":[{"count":4,"href":"https:\/\/fisicatumi.fica.unsl.edu.ar\/index.php\/wp-json\/wp\/v2\/pages\/5582\/revisions"}],"predecessor-version":[{"id":5586,"href":"https:\/\/fisicatumi.fica.unsl.edu.ar\/index.php\/wp-json\/wp\/v2\/pages\/5582\/revisions\/5586"}],"wp:attachment":[{"href":"https:\/\/fisicatumi.fica.unsl.edu.ar\/index.php\/wp-json\/wp\/v2\/media?parent=5582"}],"curies":[{"name":"wp","href":"https:\/\/api.w.org\/{rel}","templated":true}]}}